{"id":10,"date":"2016-09-08T11:28:24","date_gmt":"2016-09-08T11:28:24","guid":{"rendered":"http:\/\/www.dieflieger.de\/records1\/wordpress\/flieger-records-de\/"},"modified":"2021-11-29T17:45:36","modified_gmt":"2021-11-29T16:45:36","slug":"flieger-records-de","status":"publish","type":"page","link":"https:\/\/www.dieflieger.de\/records1\/wordpress\/","title":{"rendered":"Home"},"content":{"rendered":"<p>Du m\u00f6chtest Deine Musik bei iTunes, Amazon, Spotify anbieten, eventuell eine CD produzieren, diese online zum Kauf anbieten, online Musikredaktionen bewerben, die bei Interesse Deine Musik auch senden k\u00f6nnen, Du brauchst Unterst\u00fctzung f\u00fcr die GEMA-Formalit\u00e4ten, m\u00f6chtest bei allem den finanziellen \u00dcberblick behalten und vor allem die Erl\u00f6se, die durch Deine Musik entstehen, auch erhalten, dann bist Du hier genau richtig.<\/p>\n<p style=\"text-align: left;\">Als wir, die Flieger &#8211; damals &#8211; unsere erste CD, also 50% unseres Gesamtwerkes, aufnahmen, waren wir auf der Suche nach einem Platenlabel, genauer gesagt, nach einem label-code.<\/p>\n<p style=\"text-align: left;\">Denn, man kann ja nie wissen, und tats\u00e4chlich, es gab mehrere Radiosendungen, sogar ein Live-Interview bei WDR und einen TV-Auftritt beim NDR. Und dies w\u00e4re alles nicht m\u00f6glich gewesen ohne label-code.<\/p>\n<p style=\"text-align: left;\">Weil wir aber kein entsprechendes label gefunden hatten, gr\u00fcndeten wir kurzerhand ein eigenes. Leicht gesagt, ist dies schon mit einigem Aufwand verbunden.<\/p>\n<p style=\"text-align: left;\">Mittlerweile sind einige CDs erschienen, von verschiedenen K\u00fcnstlern. \u00dcber den<b> ISRC-code<\/b> sind titelgeneue Einzelabrechnungen m\u00f6glich, wir sind an das <b>Music Promotion Network &#8211; MPN <\/b>angeschlossen, sodass es m\u00f6glich ist, die Produktionen online zu promoten bei \u00fcber 3000 Redakteuren.<\/p>\n<p style=\"text-align: left;\">Inzwischen haben wir auch die M\u00f6glichkeit, s\u00e4mtliche Titel in weltweit allen gro\u00dfen Download-Portalen wie <b>itunes<\/b>, <strong>Amazon, Apple<\/strong><b> <\/b>usw. anzubieten.<\/p>\n<p style=\"text-align: left;\">Das Ganze ist gedacht f\u00fcr kleinere Produktionen, wenn Du also interessiert bist, st\u00f6ber\u00b4 auf unserer Homepage und kontaktiere uns bei Interesse.<\/p>\n<p style=\"text-align: left;\"><b>flieger-records.de lc 01147<\/b><\/p>\n","protected":false},"excerpt":{"rendered":"<p>flieger-records.de Vertrieb der CD Notenbaum<\/p>\n","protected":false},"author":1,"featured_media":0,"parent":0,"menu_order":0,"comment_status":"closed","ping_status":"closed","template":"","meta":{"footnotes":""},"class_list":["post-10","page","type-page","status-publish","hentry"],"_links":{"self":[{"href":"https:\/\/www.dieflieger.de\/records1\/wordpress\/wp-json\/wp\/v2\/pages\/10"}],"collection":[{"href":"https:\/\/www.dieflieger.de\/records1\/wordpress\/wp-json\/wp\/v2\/pages"}],"about":[{"href":"https:\/\/www.dieflieger.de\/records1\/wordpress\/wp-json\/wp\/v2\/types\/page"}],"author":[{"embeddable":true,"href":"https:\/\/www.dieflieger.de\/records1\/wordpress\/wp-json\/wp\/v2\/users\/1"}],"replies":[{"embeddable":true,"href":"https:\/\/www.dieflieger.de\/records1\/wordpress\/wp-json\/wp\/v2\/comments?post=10"}],"version-history":[{"count":15,"href":"https:\/\/www.dieflieger.de\/records1\/wordpress\/wp-json\/wp\/v2\/pages\/10\/revisions"}],"predecessor-version":[{"id":981,"href":"https:\/\/www.dieflieger.de\/records1\/wordpress\/wp-json\/wp\/v2\/pages\/10\/revisions\/981"}],"wp:attachment":[{"href":"https:\/\/www.dieflieger.de\/records1\/wordpress\/wp-json\/wp\/v2\/media?parent=10"}],"curies":[{"name":"wp","href":"https:\/\/api.w.org\/{rel}","templated":true}]}}