{"id":28,"date":"2016-09-08T11:28:27","date_gmt":"2016-09-08T11:28:27","guid":{"rendered":"http:\/\/www.dieflieger.de\/records1\/wordpress\/kuenstler\/dieflieger\/"},"modified":"2025-05-15T15:03:47","modified_gmt":"2025-05-15T13:03:47","slug":"dieflieger","status":"publish","type":"page","link":"https:\/\/www.dieflieger.de\/records1\/wordpress\/kuenstler\/dieflieger\/","title":{"rendered":"Die Flieger"},"content":{"rendered":"\t\t<div data-elementor-type=\"wp-page\" data-elementor-id=\"28\" class=\"elementor elementor-28\">\n\t\t\t\t\t\t<section class=\"elementor-section elementor-top-section elementor-element elementor-element-ed3e070 elementor-section-boxed elementor-section-height-default elementor-section-height-default\" data-id=\"ed3e070\" data-element_type=\"section\">\n\t\t\t\t\t\t<div class=\"elementor-container elementor-column-gap-default\">\n\t\t\t\t\t<div class=\"elementor-column elementor-col-100 elementor-top-column elementor-element elementor-element-40b04dd8\" data-id=\"40b04dd8\" data-element_type=\"column\">\n\t\t\t<div class=\"elementor-widget-wrap elementor-element-populated\">\n\t\t\t\t\t\t<div class=\"elementor-element elementor-element-449ff2b7 elementor-widget elementor-widget-text-editor\" data-id=\"449ff2b7\" data-element_type=\"widget\" data-widget_type=\"text-editor.default\">\n\t\t\t\t<div class=\"elementor-widget-container\">\n\t\t\t\t\t\t\t<p><a href=\"#\"><img fetchpriority=\"high\" decoding=\"async\" class=\"aligncenter size-full wp-image-283\" src=\"https:\/\/www.dieflieger.de\/records1\/wordpress\/wp-content\/uploads\/cropped-homep_cover.jpg\" alt=\"cropped-homep_cover.jpg\" width=\"2000\" height=\"1200\" srcset=\"https:\/\/www.dieflieger.de\/records1\/wordpress\/wp-content\/uploads\/cropped-homep_cover.jpg 2000w, https:\/\/www.dieflieger.de\/records1\/wordpress\/wp-content\/uploads\/cropped-homep_cover-300x180.jpg 300w, https:\/\/www.dieflieger.de\/records1\/wordpress\/wp-content\/uploads\/cropped-homep_cover-768x461.jpg 768w, https:\/\/www.dieflieger.de\/records1\/wordpress\/wp-content\/uploads\/cropped-homep_cover-1024x614.jpg 1024w\" sizes=\"(max-width: 706px) 89vw, (max-width: 767px) 82vw, 740px\" \/><\/a><\/p><p>\u201eDie Flieger\u201c \u2013 das sind Christian Habenicht und Olaf Spendig. Wenn die beiden Themen aus der Fliegerei in Musik im weitesten Sinne umsetzen, wissen sie, wovon sie reden, singen, rappen etc. Denn die beiden sind im wirklichen Leben Berufspiloten.<\/p><p>W\u00e4hrend sie bei Erscheinen ihrer ersten CD \u201eThe best of greatest hits \u2013 last decade\u201c noch gemeinsam im Cockpit einer Boeing 737 einer gro\u00dfen deutschen Linienfluggesellschaft sa\u00dfen \u2013 Christian Habenicht als Kapit\u00e4n und Olaf Spendig als Copilot \u2013 machen sie jetzt ausschlie\u00dflich musikalisch gemeinsame Sache, denn Olaf Spendig hat mittlerweile seine Ausbildung zum Kapit\u00e4n erfolgreich abgeschlossen.<\/p><p>Ihre erste CD beinhaltete noch stark rein fliegerische Inhalte, so befasst sich z.B. der \u201efirmen\u201c- intern zum Kult gewordene \u201eslot time blues\u201c mit der meist nur \u201eFliegern\u201c bekannten Vergabe von sogenannten Zeitfenstern durch die Luftraumkontrolle in Br\u00fcssel.<\/p><p>Ihre nun erscheinende CD \u201eBordmusik\u201c st\u00f6\u00dft nun auch bei Zuh\u00f6rern, die die Fliegerei nur als Passagier kennen, auf schmunzelndes Interesse. Der dem Berufsbild des Piloten implizierte \u201eGr\u00f6\u00dfenwahn\u201c \u2013 Gegenstand des \u201ePilotenlieds\u201c d\u00fcrfte allen, zumindest als oft bem\u00fchtes Vorurteil hinl\u00e4nglich bekannt sein. Auch die hektische Entscheidung f\u00fcr \u201eWurst oder K\u00e4se\u201c, z.B. auf einem vollbesetzten 20-minuten Flug von Frankfurt nach K\u00f6ln kann gleicherma\u00dfen f\u00fcr die G\u00e4ste als auch f\u00fcr das Kabinenpersonal zum Martyrium werden. Und wie sich die Vorahnung auf den genussreichen Verzehr besagter Sandwiches im Cockpit ausnimmt, d\u00fcrfte ebenso auf allgemeine Neugier sto\u00dfen.<\/p><p><!-- &#091;if gte mso 9&#093;><xml><br \/><o:OfficeDocumentSettings><br \/><o:AllowPNG\/><br \/><\/o:OfficeDocumentSettings><br \/><\/xml><!&#091;endif&#093;--><!-- &#091;if gte mso 9&#093;><xml><br \/><w:WordDocument><br \/><w:View>Normal<\/w:View><br \/><w:Zoom>0<\/w:Zoom><br \/><w:TrackMoves\/><br \/><w:TrackFormatting\/><br \/><w:HyphenationZone>21<\/w:HyphenationZone><br \/><w:PunctuationKerning\/><br \/><w:ValidateAgainstSchemas\/><br \/><w:SaveIfXMLInvalid>false<\/w:SaveIfXMLInvalid><br \/><w:IgnoreMixedContent>false<\/w:IgnoreMixedContent><br \/><w:AlwaysShowPlaceholderText>false<\/w:AlwaysShowPlaceholderText><br \/><w:DoNotPromoteQF\/><br \/><w:LidThemeOther>DE<\/w:LidThemeOther><br \/><w:LidThemeAsian>X-NONE<\/w:LidThemeAsian><br \/><w:LidThemeComplexScript>X-NONE<\/w:LidThemeComplexScript><br \/><w:Compatibility><br \/><w:BreakWrappedTables\/><br \/><w:SnapToGridInCell\/><br \/><w:WrapTextWithPunct\/><br \/><w:UseAsianBreakRules\/><br \/><w:DontGrowAutofit\/><br \/><w:SplitPgBreakAndParaMark\/><br \/><w:EnableOpenTypeKerning\/><br \/><w:DontFlipMirrorIndents\/><br \/><w:OverrideTableStyleHps\/><br \/><\/w:Compatibility><br \/><m:mathPr><br \/><m:mathFont m:val=\"Cambria Math\"\/><br \/><m:brkBin m:val=\"before\"\/><br \/><m:brkBinSub m:val=\"&#45;-\"\/><br \/><m:smallFrac m:val=\"off\"\/><br \/><m:dispDef\/><br \/><m:lMargin m:val=\"0\"\/><br \/><m:rMargin m:val=\"0\"\/><br \/><m:defJc m:val=\"centerGroup\"\/><br \/><m:wrapIndent m:val=\"1440\"\/><br \/><m:intLim m:val=\"subSup\"\/><br \/><m:naryLim m:val=\"undOvr\"\/><br \/><\/m:mathPr><\/w:WordDocument><br \/><\/xml><!&#091;endif&#093;--><!-- &#091;if gte mso 9&#093;><xml><br \/><w:LatentStyles DefLockedState=\"false\" DefUnhideWhenUsed=\"true\" DefSemiHidden=\"true\" DefQFormat=\"false\" DefPriority=\"99\" LatentStyleCount=\"267\"><br \/><w:LsdException Locked=\"false\" Priority=\"0\" SemiHidden=\"false\" UnhideWhenUsed=\"false\" QFormat=\"true\" Name=\"Normal\"\/><br \/><w:LsdException Locked=\"false\" Priority=\"9\" SemiHidden=\"false\" UnhideWhenUsed=\"false\" QFormat=\"true\" Name=\"heading 1\"\/><br \/><w:LsdException Locked=\"false\" Priority=\"9\" QFormat=\"true\" Name=\"heading 2\"\/><br \/><w:LsdException Locked=\"false\" Priority=\"9\" QFormat=\"true\" Name=\"heading 3\"\/><br \/><w:LsdException Locked=\"false\" Priority=\"9\" QFormat=\"true\" Name=\"heading 4\"\/><br \/><w:LsdException Locked=\"false\" Priority=\"9\" QFormat=\"true\" Name=\"heading 5\"\/><br \/><w:LsdException Locked=\"false\" Priority=\"9\" QFormat=\"true\" Name=\"heading 6\"\/><br \/><w:LsdException Locked=\"false\" Priority=\"9\" QFormat=\"true\" Name=\"heading 7\"\/><br \/><w:LsdException Locked=\"false\" Priority=\"9\" QFormat=\"true\" Name=\"heading 8\"\/><br \/><w:LsdException Locked=\"false\" Priority=\"9\" QFormat=\"true\" Name=\"heading 9\"\/><br \/><w:LsdException Locked=\"false\" Priority=\"39\" Name=\"toc 1\"\/><br \/><w:LsdException Locked=\"false\" Priority=\"39\" Name=\"toc 2\"\/><br \/><w:LsdException Locked=\"false\" Priority=\"39\" Name=\"toc 3\"\/><br \/><w:LsdException Locked=\"false\" Priority=\"39\" Name=\"toc 4\"\/><br \/><w:LsdException Locked=\"false\" Priority=\"39\" Name=\"toc 5\"\/><br \/><w:LsdException Locked=\"false\" Priority=\"39\" Name=\"toc 6\"\/><br \/><w:LsdException Locked=\"false\" Priority=\"39\" Name=\"toc 7\"\/><br \/><w:LsdException Locked=\"false\" Priority=\"39\" Name=\"toc 8\"\/><br \/><w:LsdException Locked=\"false\" Priority=\"39\" Name=\"toc 9\"\/><br \/><w:LsdException Locked=\"false\" Priority=\"35\" QFormat=\"true\" Name=\"caption\"\/><br \/><w:LsdException Locked=\"false\" Priority=\"10\" SemiHidden=\"false\" UnhideWhenUsed=\"false\" QFormat=\"true\" Name=\"Title\"\/><br \/><w:LsdException Locked=\"false\" Priority=\"1\" Name=\"Default Paragraph Font\"\/><br \/><w:LsdException Locked=\"false\" Priority=\"11\" SemiHidden=\"false\" UnhideWhenUsed=\"false\" QFormat=\"true\" Name=\"Subtitle\"\/><br \/><w:LsdException Locked=\"false\" Priority=\"22\" SemiHidden=\"false\" UnhideWhenUsed=\"false\" QFormat=\"true\" Name=\"Strong\"\/><br \/><w:LsdException Locked=\"false\" Priority=\"20\" SemiHidden=\"false\" UnhideWhenUsed=\"false\" QFormat=\"true\" Name=\"Emphasis\"\/><br \/><w:LsdException Locked=\"false\" Priority=\"59\" SemiHidden=\"false\" UnhideWhenUsed=\"false\" Name=\"Table Grid\"\/><br \/><w:LsdException Locked=\"false\" UnhideWhenUsed=\"false\" Name=\"Placeholder Text\"\/><br \/><w:LsdException Locked=\"false\" Priority=\"1\" SemiHidden=\"false\" UnhideWhenUsed=\"false\" QFormat=\"true\" Name=\"No Spacing\"\/><br \/><w:LsdException Locked=\"false\" Priority=\"60\" SemiHidden=\"false\" UnhideWhenUsed=\"false\" Name=\"Light Shading\"\/><br \/><w:LsdException Locked=\"false\" Priority=\"61\" SemiHidden=\"false\" UnhideWhenUsed=\"false\" Name=\"Light List\"\/><br \/><w:LsdException Locked=\"false\" Priority=\"62\" SemiHidden=\"false\" UnhideWhenUsed=\"false\" Name=\"Light Grid\"\/><br \/><w:LsdException Locked=\"false\" Priority=\"63\" SemiHidden=\"false\" UnhideWhenUsed=\"false\" Name=\"Medium Shading 1\"\/><br \/><w:LsdException Locked=\"false\" Priority=\"64\" SemiHidden=\"false\" UnhideWhenUsed=\"false\" Name=\"Medium Shading 2\"\/><br \/><w:LsdException Locked=\"false\" Priority=\"65\" SemiHidden=\"false\" UnhideWhenUsed=\"false\" Name=\"Medium List 1\"\/><br \/><w:LsdException Locked=\"false\" Priority=\"66\" SemiHidden=\"false\" UnhideWhenUsed=\"false\" Name=\"Medium List 2\"\/><br \/><w:LsdException Locked=\"false\" Priority=\"67\" SemiHidden=\"false\" UnhideWhenUsed=\"false\" Name=\"Medium Grid 1\"\/><br \/><w:LsdException Locked=\"false\" Priority=\"68\" SemiHidden=\"false\" UnhideWhenUsed=\"false\" Name=\"Medium Grid 2\"\/><br \/><w:LsdException Locked=\"false\" Priority=\"69\" SemiHidden=\"false\" UnhideWhenUsed=\"false\" Name=\"Medium Grid 3\"\/><br \/><w:LsdException Locked=\"false\" Priority=\"70\" SemiHidden=\"false\" UnhideWhenUsed=\"false\" Name=\"Dark List\"\/><br \/><w:LsdException Locked=\"false\" Priority=\"71\" SemiHidden=\"false\" UnhideWhenUsed=\"false\" Name=\"Colorful Shading\"\/><br \/><w:LsdException Locked=\"false\" Priority=\"72\" SemiHidden=\"false\" UnhideWhenUsed=\"false\" Name=\"Colorful List\"\/><br \/><w:LsdException Locked=\"false\" Priority=\"73\" SemiHidden=\"false\" UnhideWhenUsed=\"false\" Name=\"Colorful Grid\"\/><br \/><w:LsdException Locked=\"false\" Priority=\"60\" SemiHidden=\"false\" UnhideWhenUsed=\"false\" Name=\"Light Shading Accent 1\"\/><br \/><w:LsdException Locked=\"false\" Priority=\"61\" SemiHidden=\"false\" UnhideWhenUsed=\"false\" Name=\"Light List Accent 1\"\/><br \/><w:LsdException Locked=\"false\" Priority=\"62\" SemiHidden=\"false\" UnhideWhenUsed=\"false\" Name=\"Light Grid Accent 1\"\/><br \/><w:LsdException Locked=\"false\" Priority=\"63\" SemiHidden=\"false\" UnhideWhenUsed=\"false\" Name=\"Medium Shading 1 Accent 1\"\/><br \/><w:LsdException Locked=\"false\" Priority=\"64\" SemiHidden=\"false\" UnhideWhenUsed=\"false\" Name=\"Medium Shading 2 Accent 1\"\/><br \/><w:LsdException Locked=\"false\" Priority=\"65\" SemiHidden=\"false\" UnhideWhenUsed=\"false\" Name=\"Medium List 1 Accent 1\"\/><br \/><w:LsdException Locked=\"false\" UnhideWhenUsed=\"false\" Name=\"Revision\"\/><br \/><w:LsdException Locked=\"false\" Priority=\"34\" SemiHidden=\"false\" UnhideWhenUsed=\"false\" QFormat=\"true\" Name=\"List Paragraph\"\/><br \/><w:LsdException Locked=\"false\" Priority=\"29\" SemiHidden=\"false\" UnhideWhenUsed=\"false\" QFormat=\"true\" Name=\"Quote\"\/><br \/><w:LsdException Locked=\"false\" Priority=\"30\" SemiHidden=\"false\" UnhideWhenUsed=\"false\" QFormat=\"true\" Name=\"Intense Quote\"\/><br \/><w:LsdException Locked=\"false\" Priority=\"66\" SemiHidden=\"false\" UnhideWhenUsed=\"false\" Name=\"Medium List 2 Accent 1\"\/><br \/><w:LsdException Locked=\"false\" Priority=\"67\" SemiHidden=\"false\" UnhideWhenUsed=\"false\" Name=\"Medium Grid 1 Accent 1\"\/><br \/><w:LsdException Locked=\"false\" Priority=\"68\" SemiHidden=\"false\" UnhideWhenUsed=\"false\" Name=\"Medium Grid 2 Accent 1\"\/><br \/><w:LsdException Locked=\"false\" Priority=\"69\" SemiHidden=\"false\" UnhideWhenUsed=\"false\" Name=\"Medium Grid 3 Accent 1\"\/><br \/><w:LsdException Locked=\"false\" Priority=\"70\" SemiHidden=\"false\" UnhideWhenUsed=\"false\" Name=\"Dark List Accent 1\"\/><br \/><w:LsdException Locked=\"false\" Priority=\"71\" SemiHidden=\"false\" UnhideWhenUsed=\"false\" Name=\"Colorful Shading Accent 1\"\/><br \/><w:LsdException Locked=\"false\" Priority=\"72\" SemiHidden=\"false\" UnhideWhenUsed=\"false\" Name=\"Colorful List Accent 1\"\/><br \/><w:LsdException Locked=\"false\" Priority=\"73\" SemiHidden=\"false\" UnhideWhenUsed=\"false\" Name=\"Colorful Grid Accent 1\"\/><br \/><w:LsdException Locked=\"false\" Priority=\"60\" SemiHidden=\"false\" UnhideWhenUsed=\"false\" Name=\"Light Shading Accent 2\"\/><br \/><w:LsdException Locked=\"false\" Priority=\"61\" SemiHidden=\"false\" UnhideWhenUsed=\"false\" Name=\"Light List Accent 2\"\/><br \/><w:LsdException Locked=\"false\" Priority=\"62\" SemiHidden=\"false\" UnhideWhenUsed=\"false\" Name=\"Light Grid Accent 2\"\/><br \/><w:LsdException Locked=\"false\" Priority=\"63\" SemiHidden=\"false\" UnhideWhenUsed=\"false\" Name=\"Medium Shading 1 Accent 2\"\/><br \/><w:LsdException Locked=\"false\" Priority=\"64\" SemiHidden=\"false\" UnhideWhenUsed=\"false\" Name=\"Medium Shading 2 Accent 2\"\/><br \/><w:LsdException Locked=\"false\" Priority=\"65\" SemiHidden=\"false\" UnhideWhenUsed=\"false\" Name=\"Medium List 1 Accent 2\"\/><br \/><w:LsdException Locked=\"false\" Priority=\"66\" SemiHidden=\"false\" UnhideWhenUsed=\"false\" Name=\"Medium List 2 Accent 2\"\/><br \/><w:LsdException Locked=\"false\" Priority=\"67\" SemiHidden=\"false\" UnhideWhenUsed=\"false\" Name=\"Medium Grid 1 Accent 2\"\/><br \/><w:LsdException Locked=\"false\" Priority=\"68\" SemiHidden=\"false\" UnhideWhenUsed=\"false\" Name=\"Medium Grid 2 Accent 2\"\/><br \/><w:LsdException Locked=\"false\" Priority=\"69\" SemiHidden=\"false\" UnhideWhenUsed=\"false\" Name=\"Medium Grid 3 Accent 2\"\/><br \/><w:LsdException Locked=\"false\" Priority=\"70\" SemiHidden=\"false\" UnhideWhenUsed=\"false\" Name=\"Dark List Accent 2\"\/><br \/><w:LsdException Locked=\"false\" Priority=\"71\" SemiHidden=\"false\" UnhideWhenUsed=\"false\" Name=\"Colorful Shading Accent 2\"\/><br \/><w:LsdException Locked=\"false\" Priority=\"72\" SemiHidden=\"false\" UnhideWhenUsed=\"false\" Name=\"Colorful List Accent 2\"\/><br \/><w:LsdException Locked=\"false\" Priority=\"73\" SemiHidden=\"false\" UnhideWhenUsed=\"false\" Name=\"Colorful Grid Accent 2\"\/><br \/><w:LsdException Locked=\"false\" Priority=\"60\" SemiHidden=\"false\" UnhideWhenUsed=\"false\" Name=\"Light Shading Accent 3\"\/><br \/><w:LsdException Locked=\"false\" Priority=\"61\" SemiHidden=\"false\" UnhideWhenUsed=\"false\" Name=\"Light List Accent 3\"\/><br \/><w:LsdException Locked=\"false\" Priority=\"62\" SemiHidden=\"false\" UnhideWhenUsed=\"false\" Name=\"Light Grid Accent 3\"\/><br \/><w:LsdException Locked=\"false\" Priority=\"63\" SemiHidden=\"false\" UnhideWhenUsed=\"false\" Name=\"Medium Shading 1 Accent 3\"\/><br \/><w:LsdException Locked=\"false\" Priority=\"64\" SemiHidden=\"false\" UnhideWhenUsed=\"false\" Name=\"Medium Shading 2 Accent 3\"\/><br \/><w:LsdException Locked=\"false\" Priority=\"65\" SemiHidden=\"false\" UnhideWhenUsed=\"false\" Name=\"Medium List 1 Accent 3\"\/><br \/><w:LsdException Locked=\"false\" Priority=\"66\" SemiHidden=\"false\" UnhideWhenUsed=\"false\" Name=\"Medium List 2 Accent 3\"\/><br \/><w:LsdException Locked=\"false\" Priority=\"67\" SemiHidden=\"false\" UnhideWhenUsed=\"false\" Name=\"Medium Grid 1 Accent 3\"\/><br \/><w:LsdException Locked=\"false\" Priority=\"68\" SemiHidden=\"false\" UnhideWhenUsed=\"false\" Name=\"Medium Grid 2 Accent 3\"\/><br \/><w:LsdException Locked=\"false\" Priority=\"69\" SemiHidden=\"false\" UnhideWhenUsed=\"false\" Name=\"Medium Grid 3 Accent 3\"\/><br \/><w:LsdException Locked=\"false\" Priority=\"70\" SemiHidden=\"false\" UnhideWhenUsed=\"false\" Name=\"Dark List Accent 3\"\/><br \/><w:LsdException Locked=\"false\" Priority=\"71\" SemiHidden=\"false\" UnhideWhenUsed=\"false\" Name=\"Colorful Shading Accent 3\"\/><br \/><w:LsdException Locked=\"false\" Priority=\"72\" SemiHidden=\"false\" UnhideWhenUsed=\"false\" Name=\"Colorful List Accent 3\"\/><br \/><w:LsdException Locked=\"false\" Priority=\"73\" SemiHidden=\"false\" UnhideWhenUsed=\"false\" Name=\"Colorful Grid Accent 3\"\/><br \/><w:LsdException Locked=\"false\" Priority=\"60\" SemiHidden=\"false\" UnhideWhenUsed=\"false\" Name=\"Light Shading Accent 4\"\/><br \/><w:LsdException Locked=\"false\" Priority=\"61\" SemiHidden=\"false\" UnhideWhenUsed=\"false\" Name=\"Light List Accent 4\"\/><br \/><w:LsdException Locked=\"false\" Priority=\"62\" SemiHidden=\"false\" UnhideWhenUsed=\"false\" Name=\"Light Grid Accent 4\"\/><br \/><w:LsdException Locked=\"false\" Priority=\"63\" SemiHidden=\"false\" UnhideWhenUsed=\"false\" Name=\"Medium Shading 1 Accent 4\"\/><br \/><w:LsdException Locked=\"false\" Priority=\"64\" SemiHidden=\"false\" UnhideWhenUsed=\"false\" Name=\"Medium Shading 2 Accent 4\"\/><br \/><w:LsdException Locked=\"false\" Priority=\"65\" SemiHidden=\"false\" UnhideWhenUsed=\"false\" Name=\"Medium List 1 Accent 4\"\/><br \/><w:LsdException Locked=\"false\" Priority=\"66\" SemiHidden=\"false\" UnhideWhenUsed=\"false\" Name=\"Medium List 2 Accent 4\"\/><br \/><w:LsdException Locked=\"false\" Priority=\"67\" SemiHidden=\"false\" UnhideWhenUsed=\"false\" Name=\"Medium Grid 1 Accent 4\"\/><br \/><w:LsdException Locked=\"false\" Priority=\"68\" SemiHidden=\"false\" UnhideWhenUsed=\"false\" Name=\"Medium Grid 2 Accent 4\"\/><br \/><w:LsdException Locked=\"false\" Priority=\"69\" SemiHidden=\"false\" UnhideWhenUsed=\"false\" Name=\"Medium Grid 3 Accent 4\"\/><br \/><w:LsdException Locked=\"false\" Priority=\"70\" SemiHidden=\"false\" UnhideWhenUsed=\"false\" Name=\"Dark List Accent 4\"\/><br \/><w:LsdException Locked=\"false\" Priority=\"71\" SemiHidden=\"false\" UnhideWhenUsed=\"false\" Name=\"Colorful Shading Accent 4\"\/><br \/><w:LsdException Locked=\"false\" Priority=\"72\" SemiHidden=\"false\" UnhideWhenUsed=\"false\" Name=\"Colorful List Accent 4\"\/><br \/><w:LsdException Locked=\"false\" Priority=\"73\" SemiHidden=\"false\" UnhideWhenUsed=\"false\" Name=\"Colorful Grid Accent 4\"\/><br \/><w:LsdException Locked=\"false\" Priority=\"60\" SemiHidden=\"false\" UnhideWhenUsed=\"false\" Name=\"Light Shading Accent 5\"\/><br \/><w:LsdException Locked=\"false\" Priority=\"61\" SemiHidden=\"false\" UnhideWhenUsed=\"false\" Name=\"Light List Accent 5\"\/><br \/><w:LsdException Locked=\"false\" Priority=\"62\" SemiHidden=\"false\" UnhideWhenUsed=\"false\" Name=\"Light Grid Accent 5\"\/><br \/><w:LsdException Locked=\"false\" Priority=\"63\" SemiHidden=\"false\" UnhideWhenUsed=\"false\" Name=\"Medium Shading 1 Accent 5\"\/><br \/><w:LsdException Locked=\"false\" Priority=\"64\" SemiHidden=\"false\" UnhideWhenUsed=\"false\" Name=\"Medium Shading 2 Accent 5\"\/><br \/><w:LsdException Locked=\"false\" Priority=\"65\" SemiHidden=\"false\" UnhideWhenUsed=\"false\" Name=\"Medium List 1 Accent 5\"\/><br \/><w:LsdException Locked=\"false\" Priority=\"66\" SemiHidden=\"false\" UnhideWhenUsed=\"false\" Name=\"Medium List 2 Accent 5\"\/><br \/><w:LsdException Locked=\"false\" Priority=\"67\" SemiHidden=\"false\" UnhideWhenUsed=\"false\" Name=\"Medium Grid 1 Accent 5\"\/><br \/><w:LsdException Locked=\"false\" Priority=\"68\" SemiHidden=\"false\" UnhideWhenUsed=\"false\" Name=\"Medium Grid 2 Accent 5\"\/><br \/><w:LsdException Locked=\"false\" Priority=\"69\" SemiHidden=\"false\" UnhideWhenUsed=\"false\" Name=\"Medium Grid 3 Accent 5\"\/><br \/><w:LsdException Locked=\"false\" Priority=\"70\" SemiHidden=\"false\" UnhideWhenUsed=\"false\" Name=\"Dark List Accent 5\"\/><br \/><w:LsdException Locked=\"false\" Priority=\"71\" SemiHidden=\"false\" UnhideWhenUsed=\"false\" Name=\"Colorful Shading Accent 5\"\/><br \/><w:LsdException Locked=\"false\" Priority=\"72\" SemiHidden=\"false\" UnhideWhenUsed=\"false\" Name=\"Colorful List Accent 5\"\/><br \/><w:LsdException Locked=\"false\" Priority=\"73\" SemiHidden=\"false\" UnhideWhenUsed=\"false\" Name=\"Colorful Grid Accent 5\"\/><br \/><w:LsdException Locked=\"false\" Priority=\"60\" SemiHidden=\"false\" UnhideWhenUsed=\"false\" Name=\"Light Shading Accent 6\"\/><br \/><w:LsdException Locked=\"false\" Priority=\"61\" SemiHidden=\"false\" UnhideWhenUsed=\"false\" Name=\"Light List Accent 6\"\/><br \/><w:LsdException Locked=\"false\" Priority=\"62\" SemiHidden=\"false\" UnhideWhenUsed=\"false\" Name=\"Light Grid Accent 6\"\/><br \/><w:LsdException Locked=\"false\" Priority=\"63\" SemiHidden=\"false\" UnhideWhenUsed=\"false\" Name=\"Medium Shading 1 Accent 6\"\/><br \/><w:LsdException Locked=\"false\" Priority=\"64\" SemiHidden=\"false\" UnhideWhenUsed=\"false\" Name=\"Medium Shading 2 Accent 6\"\/><br \/><w:LsdException Locked=\"false\" Priority=\"65\" SemiHidden=\"false\" UnhideWhenUsed=\"false\" Name=\"Medium List 1 Accent 6\"\/><br \/><w:LsdException Locked=\"false\" Priority=\"66\" SemiHidden=\"false\" UnhideWhenUsed=\"false\" Name=\"Medium List 2 Accent 6\"\/><br \/><w:LsdException Locked=\"false\" Priority=\"67\" SemiHidden=\"false\" UnhideWhenUsed=\"false\" Name=\"Medium Grid 1 Accent 6\"\/><br \/><w:LsdException Locked=\"false\" Priority=\"68\" SemiHidden=\"false\" UnhideWhenUsed=\"false\" Name=\"Medium Grid 2 Accent 6\"\/><br \/><w:LsdException Locked=\"false\" Priority=\"69\" SemiHidden=\"false\" UnhideWhenUsed=\"false\" Name=\"Medium Grid 3 Accent 6\"\/><br \/><w:LsdException Locked=\"false\" Priority=\"70\" SemiHidden=\"false\" UnhideWhenUsed=\"false\" Name=\"Dark List Accent 6\"\/><br \/><w:LsdException Locked=\"false\" Priority=\"71\" SemiHidden=\"false\" UnhideWhenUsed=\"false\" Name=\"Colorful Shading Accent 6\"\/><br \/><w:LsdException Locked=\"false\" Priority=\"72\" SemiHidden=\"false\" UnhideWhenUsed=\"false\" Name=\"Colorful List Accent 6\"\/><br \/><w:LsdException Locked=\"false\" Priority=\"73\" SemiHidden=\"false\" UnhideWhenUsed=\"false\" Name=\"Colorful Grid Accent 6\"\/><br \/><w:LsdException Locked=\"false\" Priority=\"19\" SemiHidden=\"false\" UnhideWhenUsed=\"false\" QFormat=\"true\" Name=\"Subtle Emphasis\"\/><br \/><w:LsdException Locked=\"false\" Priority=\"21\" SemiHidden=\"false\" UnhideWhenUsed=\"false\" QFormat=\"true\" Name=\"Intense Emphasis\"\/><br \/><w:LsdException Locked=\"false\" Priority=\"31\" SemiHidden=\"false\" UnhideWhenUsed=\"false\" QFormat=\"true\" Name=\"Subtle Reference\"\/><br \/><w:LsdException Locked=\"false\" Priority=\"32\" SemiHidden=\"false\" UnhideWhenUsed=\"false\" QFormat=\"true\" Name=\"Intense Reference\"\/><br \/><w:LsdException Locked=\"false\" Priority=\"33\" SemiHidden=\"false\" UnhideWhenUsed=\"false\" QFormat=\"true\" Name=\"Book Title\"\/><br \/><w:LsdException Locked=\"false\" Priority=\"37\" Name=\"Bibliography\"\/><br \/><w:LsdException Locked=\"false\" Priority=\"39\" QFormat=\"true\" Name=\"TOC Heading\"\/><br \/><\/w:LatentStyles><br \/><\/xml><!&#091;endif&#093;--><!-- &#091;if gte mso 10&#093;><\/p>\n<style>\n \/* Style Definitions *\/<br \/> table.MsoNormalTable<br \/>\t{mso-style-name:\"Normale Tabelle\";<br \/>\tmso-tstyle-rowband-size:0;<br \/>\tmso-tstyle-colband-size:0;<br \/>\tmso-style-noshow:yes;<br \/>\tmso-style-priority:99;<br \/>\tmso-style-parent:\"\";<br \/>\tmso-padding-alt:0cm 5.4pt 0cm 5.4pt;<br \/>\tmso-para-margin:0cm;<br \/>\tmso-para-margin-bottom:.0001pt;<br \/>\tmso-pagination:widow-orphan;<br \/>\tfont-size:10.0pt;<br \/>\tfont-family:\"Times New Roman\",\"serif\";}<br \/><\/style>\n<p><!&#091;endif&#093;--><\/p><p class=\"MsoNormal\">Mit dem Ohrwurm \u201eDangerous good is no good\u201c nehmen die beiden Flugkapitaene Christian Habenicht und Olaf Spendig mit ihrer neuen Single dieses Mal den Umgang mit \u201eGef\u00e4hrlichen Guetern\u201c ins Visier. Dieser zeitlose Leckerbissen ist nicht nur fuer Flieger gemacht, sondern geht alle an, die mit \u201eGef\u00e4hrlichen Guetern\u201c zu tun haben wie Polizisten, Fernfahrer, Spediteure aber auch Handwerker, Chemiker, Apotheker und und und\u2026 und Radio-Moderatoren?!<\/p><p>Die zwei Berufs-Piloten nehmen im Lied &#8222;Schlaflos im Crewrest&#8220; die Ruhe-und Pausengeschichten der Cabin Crew eines Langstreckenfluges aufs Korn. Auf ihre humorvolle Art &#8222;plaudern&#8220; sie aus dem Fliegeralltag und gew\u00e4ren den H\u00f6hrern so einen kleinen Einblick in das Crewrest, dem &#8222;Ruhe-raum&#8220; eines modernen Langstreckenflugzeugs. \u00a0 \u00a0 \u00a0 <a href=\"https:\/\/www.dieflieger.de\/records1\/wordpress\/erlaeuterungen\/\" target=\"_blank\" rel=\"noopener\">Erl\u00e4uterungen<\/a><\/p><p><a href=\"https:\/\/www.dieflieger.de\/records1\/wordpress\/kuenstler\/dieflieger\/discografie\/\">Dicsografie<\/a><\/p><p class=\"MsoNormal\">\u00a0<\/p>\t\t\t\t\t\t<\/div>\n\t\t\t\t<\/div>\n\t\t\t\t\t<\/div>\n\t\t<\/div>\n\t\t\t\t\t<\/div>\n\t\t<\/section>\n\t\t\t\t<\/div>\n\t\t","protected":false},"excerpt":{"rendered":"<p>flieger-records.de Vertrieb der CD Notenbaum<\/p>\n","protected":false},"author":1,"featured_media":0,"parent":17,"menu_order":0,"comment_status":"closed","ping_status":"closed","template":"","meta":{"footnotes":""},"class_list":["post-28","page","type-page","status-publish","hentry"],"_links":{"self":[{"href":"https:\/\/www.dieflieger.de\/records1\/wordpress\/wp-json\/wp\/v2\/pages\/28"}],"collection":[{"href":"https:\/\/www.dieflieger.de\/records1\/wordpress\/wp-json\/wp\/v2\/pages"}],"about":[{"href":"https:\/\/www.dieflieger.de\/records1\/wordpress\/wp-json\/wp\/v2\/types\/page"}],"author":[{"embeddable":true,"href":"https:\/\/www.dieflieger.de\/records1\/wordpress\/wp-json\/wp\/v2\/users\/1"}],"replies":[{"embeddable":true,"href":"https:\/\/www.dieflieger.de\/records1\/wordpress\/wp-json\/wp\/v2\/comments?post=28"}],"version-history":[{"count":17,"href":"https:\/\/www.dieflieger.de\/records1\/wordpress\/wp-json\/wp\/v2\/pages\/28\/revisions"}],"predecessor-version":[{"id":1093,"href":"https:\/\/www.dieflieger.de\/records1\/wordpress\/wp-json\/wp\/v2\/pages\/28\/revisions\/1093"}],"up":[{"embeddable":true,"href":"https:\/\/www.dieflieger.de\/records1\/wordpress\/wp-json\/wp\/v2\/pages\/17"}],"wp:attachment":[{"href":"https:\/\/www.dieflieger.de\/records1\/wordpress\/wp-json\/wp\/v2\/media?parent=28"}],"curies":[{"name":"wp","href":"https:\/\/api.w.org\/{rel}","templated":true}]}}