{"id":360,"date":"2017-06-26T14:42:37","date_gmt":"2017-06-26T12:42:37","guid":{"rendered":"http:\/\/www.dieflieger.de\/records1\/wordpress\/agb\/"},"modified":"2017-07-19T14:54:32","modified_gmt":"2017-07-19T12:54:32","slug":"agb","status":"publish","type":"page","link":"https:\/\/www.dieflieger.de\/records1\/wordpress\/agb\/","title":{"rendered":"AGB"},"content":{"rendered":"<div class=\"art-layout-cell art-content\">\n<div class=\"art-post\">\n<div class=\"art-post-body\">\n<div class=\"art-post-inner art-article\">\n<div class=\"art-postmetadataheader\">\n<h2 class=\"art-postheader\">Allgemeine Gesch\u00e4ftsbedingungen<\/h2>\n<\/div>\n<div class=\"divtext1\">\n<p>Allgemeine Gesch\u00e4ftsbedingungen (mit gesetzlichen Informationen)<\/p>\n<p>1. Geltungsbereich<\/p>\n<p>2. Vertragspartner<\/p>\n<p>3. Angebot und Vertragsschluss<\/p>\n<p>4. Widerrufsrechts<\/p>\n<p>4a R\u00fccksendekosten bei Aus\u00fcbung des Widerrufsrechtes<\/p>\n<p>5. Preise und Versandkosten<\/p>\n<p>6. Lieferung<\/p>\n<p>7. Zahlung<\/p>\n<p>8. Eigentumsvorbehalt<\/p>\n<p>Weitere Informationen<\/p>\n<p>Bestellvorgang Vertragstext<\/p>\n<p>Allgemeine Gesch\u00e4ftsbedingungen<\/p>\n<p>(Die nachstehenden AGB enthalten zugleich gesetzliche Informationen zu Ihren Rechten nach den Vorschriften \u00fcber Vertr\u00e4ge im Fernabsatz und im elektronischen Gesch\u00e4ftsverkehr.)<\/p>\n<p>1. Geltungsbereich<\/p>\n<p>F\u00fcr alle Lieferungen der HabenichtSpendig GbR (nachfolgend: anti-rutsch.org) an Verbraucher (\u00a7 13 BGB) gelten diese Allgemeinen Gesch\u00e4ftsbedingungen (AGB).<\/p>\n<p>Verbraucher ist jede nat\u00fcrliche Person, die ein Rechtsgesch\u00e4ft zu einem Zwecke abschlie\u00dft, der weder ihrer gewerblichen noch ihrer selbstst\u00e4ndigen beruflichen T\u00e4tigkeit zugerechnet werden kann.<\/p>\n<p>2. Vertragspartner<\/p>\n<p>Der Kaufvertrag kommt zustande mit der:<\/p>\n<p>flieger-records<\/p>\n<p>Luftpost GbR<\/p>\n<p>K\u00f6sliner Str. 2a<\/p>\n<p>21337 L\u00fcneburg<\/p>\n<p>Tel. 04131-851580<\/p>\n<p>Fax 04131-851581<\/p>\n<p>info@anti-rutsch.org<\/p>\n<p>3. Angebot und Vertragsschluss<\/p>\n<p>3.1 Die Darstellung der Produkte im Online-Shop stellt kein rechtlich bindendes Angebot, sondern eine Aufforderung zur Bestellung dar. Irrt\u00fcmer vorbehalten.<\/p>\n<p>3.2 Durch Anklicken des Bestell-Buttons\u00a0 geben Sie eine verbindliche Bestellung der auf der Bestellseite aufgelisteten Waren ab. Der Kaufvertrag kommt zustande, wenn wir Ihre Bestellung durch eine Auftragsbest\u00e4tigung per E-Mail unmittelbar nach dem Erhalt Ihrer Bestellung annehmen.<\/p>\n<p>4. Widerrufsrecht<\/p>\n<p>4.1 Verbraucher haben ein vierzehnt\u00e4giges Widerrufsrecht.<\/p>\n<p>4.2 Das Widerrufsrecht besteht nicht bei Lieferung von Waren, die nach Kundenspezifikation angefertigt werden oder eindeutig auf die pers\u00f6nlichen Bed\u00fcrfnisse zugeschnitten sind oder bei Lieferung von Audio- oder Videoaufzeichnungen oder von Software, sofern die gelieferten Datentr\u00e4ger von Ihnen entsiegelt worden sind.<\/p>\n<p>4.3 Bitte vermeiden Sie Besch\u00e4digungen und Verunreinigungen. Senden Sie die Ware bitte m\u00f6glichst in Originalverpackung mit s\u00e4mtlichem Zubeh\u00f6r und mit allen Verpackungsbestandteilen an uns zur\u00fcck. Verwenden Sie ggf. eine sch\u00fctzende Umverpackung. Wenn Sie die Originalverpackung nicht mehr besitzen, sorgen Sie bitte mit einer geeigneten Verpackung f\u00fcr einen ausreichenden Schutz vor Transportsch\u00e4den, um Schadensersatzanspr\u00fcche wegen Besch\u00e4digungen infolge mangelhafter Verpackung zu vermeiden.<\/p>\n<p>4.4 Senden Sie die Ware bitte als frankiertes Paket an uns zur\u00fcck und bewahren Sie den Einlieferbeleg auf. Wir erstatten Ihnen auch gern auf Wunsch vorab die Portokosten, sofern diese nicht von Ihnen selbst zu tragen sind.<\/p>\n<p>4.5 Bitte kontaktieren Sie uns vor R\u00fccksendung, um die R\u00fccksendung zu koordinieren.<\/p>\n<p>4.6 Bitte beachten Sie, dass die in den Abs\u00e4tzen 4.3 bis 4.5 genannten Modalit\u00e4ten nicht Voraussetzung f\u00fcr die wirksame Aus\u00fcbung des Widerrufsrechts sind.<\/p>\n<p>4a. R\u00fccksendekosten bei Aus\u00fcbung des Widerrufsrechtes<\/p>\n<p>Machen Sie von Ihrem gesetzlichen Widerrufsrecht Gebrauch (siehe Widerrufsbelehrung), haben Sie die regelm\u00e4\u00dfigen Kosten der R\u00fccksendung zu tragen, wenn die gelieferte Ware der bestellten entspricht und wenn der Preis der zur\u00fcckzusendenden Sache einen Betrag von 40 Euro nicht \u00fcbersteigt oder wenn Sie bei einem h\u00f6heren Preis der Sache zum Zeitpunkt des Widerrufs noch nicht die Gegenleistung oder eine vertraglich vereinbarte Teilzahlung erbracht haben. Anderenfalls ist die R\u00fccksendung f\u00fcr Sie kostenfrei.<\/p>\n<p>5. Preise und Versandkosten<\/p>\n<p>5.1.Die auf den Produktseiten genannten Preise sind &#8222;Endpreise&#8220;. Die Umsatzsteuer wird nicht ausgewiesen gem\u00e4\u00df\u00a0<span class=\"wc-gzd-additional-info small-business-info\"> \u00a719 (1) UStG. (Kleinunternehmer)<\/span><\/p>\n<p>5.2.Zus\u00e4tzlich zu den angegebenen Preisen berechnen wir f\u00fcr dieLieferung innerhalb Deutschlands pauschal 3,00 EUR pro Bestellung. Poster werden grunds\u00e4tzlich getrennt versendet (Rollenversand) gegen eine Pauschsale von 6,00 \u20ac.<\/p>\n<p>6. Lieferung<\/p>\n<p>6.1 Die Lieferung erfolgt mit einem geeigneten Dienstleister, zumeist mit der M\u00f6glichkeit der Sendungsverfolgung.<\/p>\n<p>6.2 Die Lieferzeit betr\u00e4gt bei Verf\u00fcgbarkeit ca. 3 Werktage. Bestellungen, die uns werktags bis 12.00 Uhr erreichen, werden in der Regel am gleichen Tag versandt. Auf evtl. abweichende Lieferzeiten weisen wir auf der jeweiligen Produktseite hin.<\/p>\n<p>7. Zahlung<\/p>\n<p>7.1 Die Zahlung erfolgt wahlweise per Rechnung, via PayPal oder Vorkasse.<\/p>\n<p>7.2 Ein Recht zur Aufrechnung steht Ihnen nur dann zu, wenn Ihre Gegenanspr\u00fcche rechtskr\u00e4ftig gerichtlich festgestellt oder unbestritten sind oder schriftlich durch uns anerkannt wurden.7.3 Sie k\u00f6nnen ein Zur\u00fcckbehaltungsrecht nur aus\u00fcben, soweit die Anspr\u00fcche aus dem gleichen Vertragsverh\u00e4ltnis resultieren.<\/p>\n<p>8. Eigentumsvorbehalt<\/p>\n<p>Bis zur vollst\u00e4ndigen Zahlung bleibt die Ware unser Eigentum.<\/p>\n<p>Weitere Informationen<\/p>\n<p>Bestellvorgang<\/p>\n<p>Wenn Sie das gew\u00fcnschte Produkt gefunden haben, k\u00f6nnen Sie dieses unverbindlich durch Anklicken des Buttons [in den Korb] in den Warenkorb legen. Den Inhalt des Warenkorbs k\u00f6nnen Sie jederzeit durch Anklicken des Buttons [Warenkorb] unverbindlich ansehen. Die Produkte k\u00f6nnen Sie jederzeit durch Markieren des Feldes [L\u00f6schen] und anschlie\u00dfendem Aktualisieren wieder aus dem Warenkorb entfernen. Wenn Sie die Produkte im Warenkorb kaufen wollen, klicken Sie den Button [zur Kasse]. Bitte geben Sie dann Ihre Daten ein. Die Pflichtangaben sind fett gedruckt gekennzeichnet. Eine Registrierung ist nicht erforderlich. Ihre Daten werden verschl\u00fcsselt \u00fcbertragen. Nach Eingabe Ihrer Daten und Auswahl der Zahlungsart gelangen Sie zur Bestellseite, auf der Sie Ihre Eingaben nochmals \u00fcberpr\u00fcfen k\u00f6nnen. Durch Anklicken des Buttons [jetzt kaufen] schlie\u00dfen Sie den Bestellvorgang ab. Auf den einzelnen Seiten erhalten Sie weitere Informationen, z.B. zu Korrekturm\u00f6glichkeiten.<\/p>\n<p>Vertragstext<br \/>\nDer Vertragstext wird auf unseren internen Systemen gespeichert. Die Allgemeinen Gesch\u00e4ftsbedingungen k\u00f6nnen Sie jederzeit auf dieser Seite einsehen. Die Bestelldaten und die AGB werden Ihnen per E-Mail zugesendet. Nach Abschluss der Bestellung sind Ihre Bestelldaten aus Sicherheitsgr\u00fcnden nicht mehr \u00fcber das Internet zug\u00e4nglich.<\/p>\n<\/div>\n<\/div>\n<\/div>\n<\/div>\n<\/div>\n<div class=\"art-footer\"><\/div>\n<div class=\"woocommerce woocommerce-gzd woocommerce-gzd-complaints-shortcode\">\n\t\t\t<h3>Alternative Streitbeilegung gem\u00e4\u00df Art. 14 Abs. 1 ODR-VO und \u00a7 36 VSBG:<\/h3>\n\t\n<p>Die Europ\u00e4ische Kommission stellt eine Plattform zur Online-Streitbeilegung (OS) bereit, die du unter <a href=\"https:\/\/ec.europa.eu\/consumers\/odr\" target=\"_blank\">https:\/\/ec.europa.eu\/consumers\/odr<\/a> findest. Zur Teilnahme an einem Streitbeilegungsverfahren vor einer Verbraucherschlichtungsstelle sind wir nicht verpflichtet und nicht bereit.<\/p>\n<\/div>\n","protected":false},"excerpt":{"rendered":"<p>Allgemeine Gesch\u00e4ftsbedingungen Allgemeine Gesch\u00e4ftsbedingungen (mit gesetzlichen Informationen) 1. Geltungsbereich 2. Vertragspartner 3. Angebot und Vertragsschluss 4. Widerrufsrechts 4a R\u00fccksendekosten bei Aus\u00fcbung des Widerrufsrechtes 5. Preise und Versandkosten 6. Lieferung 7. Zahlung 8. Eigentumsvorbehalt Weitere Informationen Bestellvorgang Vertragstext Allgemeine Gesch\u00e4ftsbedingungen (Die nachstehenden AGB enthalten zugleich gesetzliche Informationen zu Ihren Rechten nach den Vorschriften \u00fcber Vertr\u00e4ge im &hellip; <\/p>\n<p class=\"link-more\"><a href=\"https:\/\/www.dieflieger.de\/records1\/wordpress\/agb\/\" class=\"more-link\"><span class=\"screen-reader-text\">\u201eAGB\u201c<\/span> weiterlesen<\/a><\/p>\n","protected":false},"author":1,"featured_media":0,"parent":0,"menu_order":0,"comment_status":"closed","ping_status":"closed","template":"","meta":{"footnotes":""},"class_list":["post-360","page","type-page","status-publish","hentry"],"_links":{"self":[{"href":"https:\/\/www.dieflieger.de\/records1\/wordpress\/wp-json\/wp\/v2\/pages\/360"}],"collection":[{"href":"https:\/\/www.dieflieger.de\/records1\/wordpress\/wp-json\/wp\/v2\/pages"}],"about":[{"href":"https:\/\/www.dieflieger.de\/records1\/wordpress\/wp-json\/wp\/v2\/types\/page"}],"author":[{"embeddable":true,"href":"https:\/\/www.dieflieger.de\/records1\/wordpress\/wp-json\/wp\/v2\/users\/1"}],"replies":[{"embeddable":true,"href":"https:\/\/www.dieflieger.de\/records1\/wordpress\/wp-json\/wp\/v2\/comments?post=360"}],"version-history":[{"count":7,"href":"https:\/\/www.dieflieger.de\/records1\/wordpress\/wp-json\/wp\/v2\/pages\/360\/revisions"}],"predecessor-version":[{"id":622,"href":"https:\/\/www.dieflieger.de\/records1\/wordpress\/wp-json\/wp\/v2\/pages\/360\/revisions\/622"}],"wp:attachment":[{"href":"https:\/\/www.dieflieger.de\/records1\/wordpress\/wp-json\/wp\/v2\/media?parent=360"}],"curies":[{"name":"wp","href":"https:\/\/api.w.org\/{rel}","templated":true}]}}