{"id":44,"date":"2016-09-08T11:28:28","date_gmt":"2016-09-08T11:28:28","guid":{"rendered":"http:\/\/www.dieflieger.de\/records1\/wordpress\/kuenstler\/erharddietl\/"},"modified":"2017-10-30T11:04:06","modified_gmt":"2017-10-30T10:04:06","slug":"erharddietl","status":"publish","type":"page","link":"https:\/\/www.dieflieger.de\/records1\/wordpress\/kuenstler\/erharddietl\/","title":{"rendered":"Erhard Dietl"},"content":{"rendered":"<p><a href=\"https:\/\/www.dieflieger.de\/records1\/wordpress\/wp-content\/uploads\/ErhardDietlFoto.jpg\"><img fetchpriority=\"high\" decoding=\"async\" src=\"https:\/\/www.dieflieger.de\/records1\/wordpress\/wp-content\/uploads\/ErhardDietlFoto-250x300.jpg\" alt=\"ErhardDietlFoto\" width=\"250\" height=\"300\" class=\"aligncenter size-medium wp-image-491\" srcset=\"https:\/\/www.dieflieger.de\/records1\/wordpress\/wp-content\/uploads\/ErhardDietlFoto-250x300.jpg 250w, https:\/\/www.dieflieger.de\/records1\/wordpress\/wp-content\/uploads\/ErhardDietlFoto-768x920.jpg 768w, https:\/\/www.dieflieger.de\/records1\/wordpress\/wp-content\/uploads\/ErhardDietlFoto-855x1024.jpg 855w, https:\/\/www.dieflieger.de\/records1\/wordpress\/wp-content\/uploads\/ErhardDietlFoto.jpg 1000w\" sizes=\"(max-width: 250px) 100vw, 250px\" \/><\/a><\/p>\n<p style=\"text-align: left;\">Erhard Dietl, 1953 in Regensburg geboren, lebt in M\u00fcnchen und arbeitet als Autor und Illustrator. Er hat bisher mehr als 100Kinderb\u00fccher ver\u00f6ffentlicht, die weltweit inzahlreiche Sprachen \u00fcbersetzt wurden. Neben seiner eigenen hat er bekannteKinderb\u00fccher anderer Autoren illustriert, Theaterst\u00fccke f\u00fcr Kinder geschrieben,Bildergeschichten f\u00fcrs Fernsehen und eine CD-ROM f\u00fcr Kinder entwickelt. F\u00fcr seine Arbeit wurde er unter anderem mit dem \u00d6sterreichischen Kinder- und Jugendbuchpreis, dem Kinderbuchpreis des Landes Nordrhein-Westfahlen und der Stiftung Buchkunst ausgezeichnet. Erfolgreich ist er auch als Songwriterund Musiker, sowie mit seinen Radierungen, u.a. zu Gedichten von Erich K\u00e4stner und Joachim Ringelnatz.<\/p>\n<p><a href=\"https:\/\/www.dieflieger.de\/records1\/wordpress\/kuenstler\/erharddietl\/discografie\/\">Discografie<\/a><\/p>\n","protected":false},"excerpt":{"rendered":"<p>flieger-records.de Vertrieb der CD Notenbaum<\/p>\n","protected":false},"author":1,"featured_media":0,"parent":17,"menu_order":0,"comment_status":"closed","ping_status":"closed","template":"","meta":{"footnotes":""},"class_list":["post-44","page","type-page","status-publish","hentry"],"_links":{"self":[{"href":"https:\/\/www.dieflieger.de\/records1\/wordpress\/wp-json\/wp\/v2\/pages\/44"}],"collection":[{"href":"https:\/\/www.dieflieger.de\/records1\/wordpress\/wp-json\/wp\/v2\/pages"}],"about":[{"href":"https:\/\/www.dieflieger.de\/records1\/wordpress\/wp-json\/wp\/v2\/types\/page"}],"author":[{"embeddable":true,"href":"https:\/\/www.dieflieger.de\/records1\/wordpress\/wp-json\/wp\/v2\/users\/1"}],"replies":[{"embeddable":true,"href":"https:\/\/www.dieflieger.de\/records1\/wordpress\/wp-json\/wp\/v2\/comments?post=44"}],"version-history":[{"count":5,"href":"https:\/\/www.dieflieger.de\/records1\/wordpress\/wp-json\/wp\/v2\/pages\/44\/revisions"}],"predecessor-version":[{"id":682,"href":"https:\/\/www.dieflieger.de\/records1\/wordpress\/wp-json\/wp\/v2\/pages\/44\/revisions\/682"}],"up":[{"embeddable":true,"href":"https:\/\/www.dieflieger.de\/records1\/wordpress\/wp-json\/wp\/v2\/pages\/17"}],"wp:attachment":[{"href":"https:\/\/www.dieflieger.de\/records1\/wordpress\/wp-json\/wp\/v2\/media?parent=44"}],"curies":[{"name":"wp","href":"https:\/\/api.w.org\/{rel}","templated":true}]}}