{"id":548,"date":"2017-07-12T08:49:55","date_gmt":"2017-07-12T06:49:55","guid":{"rendered":"http:\/\/www.dieflieger.de\/records1\/wordpress\/?page_id=548"},"modified":"2017-07-12T09:07:13","modified_gmt":"2017-07-12T07:07:13","slug":"shreveport-rhythm","status":"publish","type":"page","link":"https:\/\/www.dieflieger.de\/records1\/wordpress\/shreveport-rhythm\/","title":{"rendered":"Shreveport Rhythm"},"content":{"rendered":"<p><a href=\"#\"><img fetchpriority=\"high\" decoding=\"async\" src=\"http:\/\/www.dieflieger.de\/records1\/wordpress\/wp-content\/uploads\/shreveport.jpg\" alt=\"shreveport\" width=\"1024\" height=\"683\" class=\"aligncenter size-full wp-image-550\" srcset=\"https:\/\/www.dieflieger.de\/records1\/wordpress\/wp-content\/uploads\/shreveport.jpg 1024w, https:\/\/www.dieflieger.de\/records1\/wordpress\/wp-content\/uploads\/shreveport-300x200.jpg 300w, https:\/\/www.dieflieger.de\/records1\/wordpress\/wp-content\/uploads\/shreveport-768x512.jpg 768w\" sizes=\"(max-width: 706px) 89vw, (max-width: 767px) 82vw, 740px\" \/><\/a><\/p>\n<p><span class=\"im\">In Hamburg im Jahre 2008 gegr\u00fcndete Hot Jazz und Swing Band wird im norddeutschen Raum vielfach als eines der besten Jazz-Quartetts gehandelt, wie u.a. berichtet vom Hamburger Abendblatt, NDR-Fernsehen\/Radio, Swinging Hamburg Journal, Hamburger Lokalradio.<\/span><\/p>\n<p>Mit seiner ganz eigenen Mischung aus musikalischer Raffinesse, hei\u00dfen Arrangements, rhythmischem Drive und gleichzeitig witzigem Entertainment ist Shreveport Rhythm der erfrischende Beweis daf\u00fcr, dass traditioneller Jazz der 20er bis 40er Jahre Musikbegeisterte aller Generationen mitrei\u00dft. Zahlreiche Auftritte auf nationalen wie internationalen Festivals, in Konzerts\u00e4len, Jazzclubs oder Szene-Bars wie auch die regelm\u00e4\u00dfige Zusammenarbeite mit der Hamburger Swing und Lindy Hop Szene belegen:<\/p>\n<p>Shreveport Rhythm garantiert Lebensfreude pur und begeistert das Publikum bei jedem Auftritt \u2013 ganz egal ob die Fans dabei tanzen, mitsingen und swingen oder einfach nur zuh\u00f6ren.<\/p>\n<div>Dies unterstreichen auch zahlreiche internationale Festivaleinladungen (z.B. England, D\u00e4nemark, Frankreich, Schottland) sowie Auszeichnungen in Frankreich (Publikumspreis \u201eMeg\u00e8ve Jazz Contest 2012, 2013 und 2014) und Deutschland (Bechstein-Preis 2010 Summerjazz Festival).<\/div>\n<div><\/div>\n<div>\n<p><strong>Helge Sachs, <\/strong>spielt Klarinette und diverse Saxophone. Inspiriert wurde er v.a. durch die Musik von Johnny Dodds, Sidney Bechet, Omer Simeon, Jimmie Noone, Benny Goodman, Barney Bigard, Coleman Hawkins und vielen anderen..<\/p>\n<p><strong>Markus Pohle <\/strong>z\u00e4hlt zu den erfahrensten Stride- und Ragtime-Pianisten seines Alters. Besondere Vorbilder sind Teddy Wilson, Jelly Roll Morton und Fats Waller. Eine weitere Spezialit\u00e4t von Markus ist das Boogie Woogie Piano. Seine musikalische Vielseitigkeit zeigt er aber auch bei Gesangs-einlagen \u00e0 la Louis Prima.<\/p>\n<p><strong>Andreas Nolte <\/strong>ist der Rhythmus- und Sologitarrist, der den richtigen Drive nach vorne in die Band bringt. Er orientiert sich v.a. an den Gitarristen Charlie Christian und Freddie Green sowie T-Bone Walker und Tiny Grimes.<\/p>\n<p><strong>Matthias Friedel <\/strong>ist der Schlagzeuger der Band. Er studierte Musik am k\u00f6niglichen Konservatorium in Den Haag. Seine stilistische Authentizit\u00e4t und musikalische Vielseitigkeit machten ihn schnell, nicht nur im traditionellen Jazz, zu einem gefragten Sideman.<\/p>\n<\/div>\n<p>&nbsp;<\/p>\n<p><a href=\"http:\/\/www.dieflieger.de\/records1\/wordpress\/shreveport-rhythm\/discografie\/\">Discografie<\/a><\/p>\n","protected":false},"excerpt":{"rendered":"<p>In Hamburg im Jahre 2008 gegr\u00fcndete Hot Jazz und Swing Band wird im norddeutschen Raum vielfach als eines der besten Jazz-Quartetts gehandelt, wie u.a. berichtet vom Hamburger Abendblatt, NDR-Fernsehen\/Radio, Swinging Hamburg Journal, Hamburger Lokalradio. Mit seiner ganz eigenen Mischung aus musikalischer Raffinesse, hei\u00dfen Arrangements, rhythmischem Drive und gleichzeitig witzigem Entertainment ist Shreveport Rhythm der erfrischende &hellip; <\/p>\n<p class=\"link-more\"><a href=\"https:\/\/www.dieflieger.de\/records1\/wordpress\/shreveport-rhythm\/\" class=\"more-link\"><span class=\"screen-reader-text\">\u201eShreveport Rhythm\u201c<\/span> weiterlesen<\/a><\/p>\n","protected":false},"author":1,"featured_media":0,"parent":0,"menu_order":0,"comment_status":"closed","ping_status":"closed","template":"","meta":{"footnotes":""},"class_list":["post-548","page","type-page","status-publish","hentry"],"_links":{"self":[{"href":"https:\/\/www.dieflieger.de\/records1\/wordpress\/wp-json\/wp\/v2\/pages\/548"}],"collection":[{"href":"https:\/\/www.dieflieger.de\/records1\/wordpress\/wp-json\/wp\/v2\/pages"}],"about":[{"href":"https:\/\/www.dieflieger.de\/records1\/wordpress\/wp-json\/wp\/v2\/types\/page"}],"author":[{"embeddable":true,"href":"https:\/\/www.dieflieger.de\/records1\/wordpress\/wp-json\/wp\/v2\/users\/1"}],"replies":[{"embeddable":true,"href":"https:\/\/www.dieflieger.de\/records1\/wordpress\/wp-json\/wp\/v2\/comments?post=548"}],"version-history":[{"count":4,"href":"https:\/\/www.dieflieger.de\/records1\/wordpress\/wp-json\/wp\/v2\/pages\/548\/revisions"}],"predecessor-version":[{"id":555,"href":"https:\/\/www.dieflieger.de\/records1\/wordpress\/wp-json\/wp\/v2\/pages\/548\/revisions\/555"}],"wp:attachment":[{"href":"https:\/\/www.dieflieger.de\/records1\/wordpress\/wp-json\/wp\/v2\/media?parent=548"}],"curies":[{"name":"wp","href":"https:\/\/api.w.org\/{rel}","templated":true}]}}