{"id":783,"date":"2020-03-26T19:06:31","date_gmt":"2020-03-26T18:06:31","guid":{"rendered":"https:\/\/www.dieflieger.de\/records1\/wordpress\/?page_id=783"},"modified":"2020-03-27T14:56:22","modified_gmt":"2020-03-27T13:56:22","slug":"alte-maedchen","status":"publish","type":"page","link":"https:\/\/www.dieflieger.de\/records1\/wordpress\/alte-maedchen\/","title":{"rendered":"Alte M\u00e4dchen"},"content":{"rendered":"<p><a href=\"#\"><img fetchpriority=\"high\" decoding=\"async\" src=\"https:\/\/www.dieflieger.de\/records1\/wordpress\/wp-content\/uploads\/front_1_web-1024x695.jpg\" alt=\"front_1_web\" width=\"525\" height=\"356\" class=\"aligncenter size-large wp-image-785\" srcset=\"https:\/\/www.dieflieger.de\/records1\/wordpress\/wp-content\/uploads\/front_1_web.jpg 1024w, https:\/\/www.dieflieger.de\/records1\/wordpress\/wp-content\/uploads\/front_1_web-300x204.jpg 300w, https:\/\/www.dieflieger.de\/records1\/wordpress\/wp-content\/uploads\/front_1_web-768x521.jpg 768w\" sizes=\"(max-width: 525px) 100vw, 525px\" \/><\/a><\/p>\n<p><!-- &#091;if gte mso 9&#093;><xml>\n<o:OfficeDocumentSettings>\n<o:AllowPNG\/>\n<\/o:OfficeDocumentSettings>\n<\/xml><!&#091;endif&#093;--><!-- &#091;if gte mso 9&#093;><xml>\n<w:WordDocument>\n<w:View>Normal<\/w:View>\n<w:Zoom>0<\/w:Zoom>\n<w:TrackMoves\/>\n<w:TrackFormatting\/>\n<w:HyphenationZone>21<\/w:HyphenationZone>\n<w:PunctuationKerning\/>\n<w:ValidateAgainstSchemas\/>\n<w:SaveIfXMLInvalid>false<\/w:SaveIfXMLInvalid>\n<w:IgnoreMixedContent>false<\/w:IgnoreMixedContent>\n<w:AlwaysShowPlaceholderText>false<\/w:AlwaysShowPlaceholderText>\n<w:DoNotPromoteQF\/>\n<w:LidThemeOther>DE<\/w:LidThemeOther>\n<w:LidThemeAsian>X-NONE<\/w:LidThemeAsian>\n<w:LidThemeComplexScript>X-NONE<\/w:LidThemeComplexScript>\n<w:Compatibility>\n<w:BreakWrappedTables\/>\n<w:SnapToGridInCell\/>\n<w:WrapTextWithPunct\/>\n<w:UseAsianBreakRules\/>\n<w:DontGrowAutofit\/>\n<w:SplitPgBreakAndParaMark\/>\n<w:EnableOpenTypeKerning\/>\n<w:DontFlipMirrorIndents\/>\n<w:OverrideTableStyleHps\/>\n<\/w:Compatibility>\n<m:mathPr>\n<m:mathFont m:val=\"Cambria Math\"\/>\n<m:brkBin m:val=\"before\"\/>\n<m:brkBinSub m:val=\"&#45;-\"\/>\n<m:smallFrac m:val=\"off\"\/>\n<m:dispDef\/>\n<m:lMargin m:val=\"0\"\/>\n<m:rMargin m:val=\"0\"\/>\n<m:defJc m:val=\"centerGroup\"\/>\n<m:wrapIndent m:val=\"1440\"\/>\n<m:intLim m:val=\"subSup\"\/>\n<m:naryLim m:val=\"undOvr\"\/>\n<\/m:mathPr><\/w:WordDocument>\n<\/xml><!&#091;endif&#093;--><!-- &#091;if gte mso 9&#093;><xml>\n<w:LatentStyles DefLockedState=\"false\" DefUnhideWhenUsed=\"true\" DefSemiHidden=\"true\" DefQFormat=\"false\" DefPriority=\"99\" LatentStyleCount=\"267\">\n<w:LsdException Locked=\"false\" Priority=\"0\" SemiHidden=\"false\" UnhideWhenUsed=\"false\" QFormat=\"true\" Name=\"Normal\"\/>\n<w:LsdException Locked=\"false\" Priority=\"9\" SemiHidden=\"false\" UnhideWhenUsed=\"false\" QFormat=\"true\" Name=\"heading 1\"\/>\n<w:LsdException Locked=\"false\" Priority=\"9\" QFormat=\"true\" Name=\"heading 2\"\/>\n<w:LsdException Locked=\"false\" Priority=\"9\" QFormat=\"true\" Name=\"heading 3\"\/>\n<w:LsdException Locked=\"false\" Priority=\"9\" QFormat=\"true\" Name=\"heading 4\"\/>\n<w:LsdException Locked=\"false\" Priority=\"9\" QFormat=\"true\" Name=\"heading 5\"\/>\n<w:LsdException Locked=\"false\" Priority=\"9\" QFormat=\"true\" Name=\"heading 6\"\/>\n<w:LsdException Locked=\"false\" Priority=\"9\" QFormat=\"true\" Name=\"heading 7\"\/>\n<w:LsdException Locked=\"false\" Priority=\"9\" QFormat=\"true\" Name=\"heading 8\"\/>\n<w:LsdException Locked=\"false\" Priority=\"9\" QFormat=\"true\" Name=\"heading 9\"\/>\n<w:LsdException Locked=\"false\" Priority=\"39\" Name=\"toc 1\"\/>\n<w:LsdException Locked=\"false\" Priority=\"39\" Name=\"toc 2\"\/>\n<w:LsdException Locked=\"false\" Priority=\"39\" Name=\"toc 3\"\/>\n<w:LsdException Locked=\"false\" Priority=\"39\" Name=\"toc 4\"\/>\n<w:LsdException Locked=\"false\" Priority=\"39\" Name=\"toc 5\"\/>\n<w:LsdException Locked=\"false\" Priority=\"39\" Name=\"toc 6\"\/>\n<w:LsdException Locked=\"false\" Priority=\"39\" Name=\"toc 7\"\/>\n<w:LsdException Locked=\"false\" Priority=\"39\" Name=\"toc 8\"\/>\n<w:LsdException Locked=\"false\" Priority=\"39\" Name=\"toc 9\"\/>\n<w:LsdException Locked=\"false\" Priority=\"35\" QFormat=\"true\" Name=\"caption\"\/>\n<w:LsdException Locked=\"false\" Priority=\"10\" SemiHidden=\"false\" UnhideWhenUsed=\"false\" QFormat=\"true\" Name=\"Title\"\/>\n<w:LsdException Locked=\"false\" Priority=\"1\" Name=\"Default Paragraph Font\"\/>\n<w:LsdException Locked=\"false\" Priority=\"11\" SemiHidden=\"false\" UnhideWhenUsed=\"false\" QFormat=\"true\" Name=\"Subtitle\"\/>\n<w:LsdException Locked=\"false\" Priority=\"22\" SemiHidden=\"false\" UnhideWhenUsed=\"false\" QFormat=\"true\" Name=\"Strong\"\/>\n<w:LsdException Locked=\"false\" Priority=\"20\" SemiHidden=\"false\" UnhideWhenUsed=\"false\" QFormat=\"true\" Name=\"Emphasis\"\/>\n<w:LsdException Locked=\"false\" Priority=\"59\" SemiHidden=\"false\" UnhideWhenUsed=\"false\" Name=\"Table Grid\"\/>\n<w:LsdException Locked=\"false\" UnhideWhenUsed=\"false\" Name=\"Placeholder Text\"\/>\n<w:LsdException Locked=\"false\" Priority=\"1\" SemiHidden=\"false\" UnhideWhenUsed=\"false\" QFormat=\"true\" Name=\"No Spacing\"\/>\n<w:LsdException Locked=\"false\" Priority=\"60\" SemiHidden=\"false\" UnhideWhenUsed=\"false\" Name=\"Light Shading\"\/>\n<w:LsdException Locked=\"false\" Priority=\"61\" SemiHidden=\"false\" UnhideWhenUsed=\"false\" Name=\"Light List\"\/>\n<w:LsdException Locked=\"false\" Priority=\"62\" SemiHidden=\"false\" UnhideWhenUsed=\"false\" Name=\"Light Grid\"\/>\n<w:LsdException Locked=\"false\" Priority=\"63\" SemiHidden=\"false\" UnhideWhenUsed=\"false\" Name=\"Medium Shading 1\"\/>\n<w:LsdException Locked=\"false\" Priority=\"64\" SemiHidden=\"false\" UnhideWhenUsed=\"false\" Name=\"Medium Shading 2\"\/>\n<w:LsdException Locked=\"false\" Priority=\"65\" SemiHidden=\"false\" UnhideWhenUsed=\"false\" Name=\"Medium List 1\"\/>\n<w:LsdException Locked=\"false\" Priority=\"66\" SemiHidden=\"false\" UnhideWhenUsed=\"false\" Name=\"Medium List 2\"\/>\n<w:LsdException Locked=\"false\" Priority=\"67\" SemiHidden=\"false\" UnhideWhenUsed=\"false\" Name=\"Medium Grid 1\"\/>\n<w:LsdException Locked=\"false\" Priority=\"68\" SemiHidden=\"false\" UnhideWhenUsed=\"false\" Name=\"Medium Grid 2\"\/>\n<w:LsdException Locked=\"false\" Priority=\"69\" SemiHidden=\"false\" UnhideWhenUsed=\"false\" Name=\"Medium Grid 3\"\/>\n<w:LsdException Locked=\"false\" Priority=\"70\" SemiHidden=\"false\" UnhideWhenUsed=\"false\" Name=\"Dark List\"\/>\n<w:LsdException Locked=\"false\" Priority=\"71\" SemiHidden=\"false\" UnhideWhenUsed=\"false\" Name=\"Colorful Shading\"\/>\n<w:LsdException Locked=\"false\" Priority=\"72\" SemiHidden=\"false\" UnhideWhenUsed=\"false\" Name=\"Colorful List\"\/>\n<w:LsdException Locked=\"false\" Priority=\"73\" SemiHidden=\"false\" UnhideWhenUsed=\"false\" Name=\"Colorful Grid\"\/>\n<w:LsdException Locked=\"false\" Priority=\"60\" SemiHidden=\"false\" UnhideWhenUsed=\"false\" Name=\"Light Shading Accent 1\"\/>\n<w:LsdException Locked=\"false\" Priority=\"61\" SemiHidden=\"false\" UnhideWhenUsed=\"false\" Name=\"Light List Accent 1\"\/>\n<w:LsdException Locked=\"false\" Priority=\"62\" SemiHidden=\"false\" UnhideWhenUsed=\"false\" Name=\"Light Grid Accent 1\"\/>\n<w:LsdException Locked=\"false\" Priority=\"63\" SemiHidden=\"false\" UnhideWhenUsed=\"false\" Name=\"Medium Shading 1 Accent 1\"\/>\n<w:LsdException Locked=\"false\" Priority=\"64\" SemiHidden=\"false\" UnhideWhenUsed=\"false\" Name=\"Medium Shading 2 Accent 1\"\/>\n<w:LsdException Locked=\"false\" Priority=\"65\" SemiHidden=\"false\" UnhideWhenUsed=\"false\" Name=\"Medium List 1 Accent 1\"\/>\n<w:LsdException Locked=\"false\" UnhideWhenUsed=\"false\" Name=\"Revision\"\/>\n<w:LsdException Locked=\"false\" Priority=\"34\" SemiHidden=\"false\" UnhideWhenUsed=\"false\" QFormat=\"true\" Name=\"List Paragraph\"\/>\n<w:LsdException Locked=\"false\" Priority=\"29\" SemiHidden=\"false\" UnhideWhenUsed=\"false\" QFormat=\"true\" Name=\"Quote\"\/>\n<w:LsdException Locked=\"false\" Priority=\"30\" SemiHidden=\"false\" UnhideWhenUsed=\"false\" QFormat=\"true\" Name=\"Intense Quote\"\/>\n<w:LsdException Locked=\"false\" Priority=\"66\" SemiHidden=\"false\" UnhideWhenUsed=\"false\" Name=\"Medium List 2 Accent 1\"\/>\n<w:LsdException Locked=\"false\" Priority=\"67\" SemiHidden=\"false\" UnhideWhenUsed=\"false\" Name=\"Medium Grid 1 Accent 1\"\/>\n<w:LsdException Locked=\"false\" Priority=\"68\" SemiHidden=\"false\" UnhideWhenUsed=\"false\" Name=\"Medium Grid 2 Accent 1\"\/>\n<w:LsdException Locked=\"false\" Priority=\"69\" SemiHidden=\"false\" UnhideWhenUsed=\"false\" Name=\"Medium Grid 3 Accent 1\"\/>\n<w:LsdException Locked=\"false\" Priority=\"70\" SemiHidden=\"false\" UnhideWhenUsed=\"false\" Name=\"Dark List Accent 1\"\/>\n<w:LsdException Locked=\"false\" Priority=\"71\" SemiHidden=\"false\" UnhideWhenUsed=\"false\" Name=\"Colorful Shading Accent 1\"\/>\n<w:LsdException Locked=\"false\" Priority=\"72\" SemiHidden=\"false\" UnhideWhenUsed=\"false\" Name=\"Colorful List Accent 1\"\/>\n<w:LsdException Locked=\"false\" Priority=\"73\" SemiHidden=\"false\" UnhideWhenUsed=\"false\" Name=\"Colorful Grid Accent 1\"\/>\n<w:LsdException Locked=\"false\" Priority=\"60\" SemiHidden=\"false\" UnhideWhenUsed=\"false\" Name=\"Light Shading Accent 2\"\/>\n<w:LsdException Locked=\"false\" Priority=\"61\" SemiHidden=\"false\" UnhideWhenUsed=\"false\" Name=\"Light List Accent 2\"\/>\n<w:LsdException Locked=\"false\" Priority=\"62\" SemiHidden=\"false\" UnhideWhenUsed=\"false\" Name=\"Light Grid Accent 2\"\/>\n<w:LsdException Locked=\"false\" Priority=\"63\" SemiHidden=\"false\" UnhideWhenUsed=\"false\" Name=\"Medium Shading 1 Accent 2\"\/>\n<w:LsdException Locked=\"false\" Priority=\"64\" SemiHidden=\"false\" UnhideWhenUsed=\"false\" Name=\"Medium Shading 2 Accent 2\"\/>\n<w:LsdException Locked=\"false\" Priority=\"65\" SemiHidden=\"false\" UnhideWhenUsed=\"false\" Name=\"Medium List 1 Accent 2\"\/>\n<w:LsdException Locked=\"false\" Priority=\"66\" SemiHidden=\"false\" UnhideWhenUsed=\"false\" Name=\"Medium List 2 Accent 2\"\/>\n<w:LsdException Locked=\"false\" Priority=\"67\" SemiHidden=\"false\" UnhideWhenUsed=\"false\" Name=\"Medium Grid 1 Accent 2\"\/>\n<w:LsdException Locked=\"false\" Priority=\"68\" SemiHidden=\"false\" UnhideWhenUsed=\"false\" Name=\"Medium Grid 2 Accent 2\"\/>\n<w:LsdException Locked=\"false\" Priority=\"69\" SemiHidden=\"false\" UnhideWhenUsed=\"false\" Name=\"Medium Grid 3 Accent 2\"\/>\n<w:LsdException Locked=\"false\" Priority=\"70\" SemiHidden=\"false\" UnhideWhenUsed=\"false\" Name=\"Dark List Accent 2\"\/>\n<w:LsdException Locked=\"false\" Priority=\"71\" SemiHidden=\"false\" UnhideWhenUsed=\"false\" Name=\"Colorful Shading Accent 2\"\/>\n<w:LsdException Locked=\"false\" Priority=\"72\" SemiHidden=\"false\" UnhideWhenUsed=\"false\" Name=\"Colorful List Accent 2\"\/>\n<w:LsdException Locked=\"false\" Priority=\"73\" SemiHidden=\"false\" UnhideWhenUsed=\"false\" Name=\"Colorful Grid Accent 2\"\/>\n<w:LsdException Locked=\"false\" Priority=\"60\" SemiHidden=\"false\" UnhideWhenUsed=\"false\" Name=\"Light Shading Accent 3\"\/>\n<w:LsdException Locked=\"false\" Priority=\"61\" SemiHidden=\"false\" UnhideWhenUsed=\"false\" Name=\"Light List Accent 3\"\/>\n<w:LsdException Locked=\"false\" Priority=\"62\" SemiHidden=\"false\" UnhideWhenUsed=\"false\" Name=\"Light Grid Accent 3\"\/>\n<w:LsdException Locked=\"false\" Priority=\"63\" SemiHidden=\"false\" UnhideWhenUsed=\"false\" Name=\"Medium Shading 1 Accent 3\"\/>\n<w:LsdException Locked=\"false\" Priority=\"64\" SemiHidden=\"false\" UnhideWhenUsed=\"false\" Name=\"Medium Shading 2 Accent 3\"\/>\n<w:LsdException Locked=\"false\" Priority=\"65\" SemiHidden=\"false\" UnhideWhenUsed=\"false\" Name=\"Medium List 1 Accent 3\"\/>\n<w:LsdException Locked=\"false\" Priority=\"66\" SemiHidden=\"false\" UnhideWhenUsed=\"false\" Name=\"Medium List 2 Accent 3\"\/>\n<w:LsdException Locked=\"false\" Priority=\"67\" SemiHidden=\"false\" UnhideWhenUsed=\"false\" Name=\"Medium Grid 1 Accent 3\"\/>\n<w:LsdException Locked=\"false\" Priority=\"68\" SemiHidden=\"false\" UnhideWhenUsed=\"false\" Name=\"Medium Grid 2 Accent 3\"\/>\n<w:LsdException Locked=\"false\" Priority=\"69\" SemiHidden=\"false\" UnhideWhenUsed=\"false\" Name=\"Medium Grid 3 Accent 3\"\/>\n<w:LsdException Locked=\"false\" Priority=\"70\" SemiHidden=\"false\" UnhideWhenUsed=\"false\" Name=\"Dark List Accent 3\"\/>\n<w:LsdException Locked=\"false\" Priority=\"71\" SemiHidden=\"false\" UnhideWhenUsed=\"false\" Name=\"Colorful Shading Accent 3\"\/>\n<w:LsdException Locked=\"false\" Priority=\"72\" SemiHidden=\"false\" UnhideWhenUsed=\"false\" Name=\"Colorful List Accent 3\"\/>\n<w:LsdException Locked=\"false\" Priority=\"73\" SemiHidden=\"false\" UnhideWhenUsed=\"false\" Name=\"Colorful Grid Accent 3\"\/>\n<w:LsdException Locked=\"false\" Priority=\"60\" SemiHidden=\"false\" UnhideWhenUsed=\"false\" Name=\"Light Shading Accent 4\"\/>\n<w:LsdException Locked=\"false\" Priority=\"61\" SemiHidden=\"false\" UnhideWhenUsed=\"false\" Name=\"Light List Accent 4\"\/>\n<w:LsdException Locked=\"false\" Priority=\"62\" SemiHidden=\"false\" UnhideWhenUsed=\"false\" Name=\"Light Grid Accent 4\"\/>\n<w:LsdException Locked=\"false\" Priority=\"63\" SemiHidden=\"false\" UnhideWhenUsed=\"false\" Name=\"Medium Shading 1 Accent 4\"\/>\n<w:LsdException Locked=\"false\" Priority=\"64\" SemiHidden=\"false\" UnhideWhenUsed=\"false\" Name=\"Medium Shading 2 Accent 4\"\/>\n<w:LsdException Locked=\"false\" Priority=\"65\" SemiHidden=\"false\" UnhideWhenUsed=\"false\" Name=\"Medium List 1 Accent 4\"\/>\n<w:LsdException Locked=\"false\" Priority=\"66\" SemiHidden=\"false\" UnhideWhenUsed=\"false\" Name=\"Medium List 2 Accent 4\"\/>\n<w:LsdException Locked=\"false\" Priority=\"67\" SemiHidden=\"false\" UnhideWhenUsed=\"false\" Name=\"Medium Grid 1 Accent 4\"\/>\n<w:LsdException Locked=\"false\" Priority=\"68\" SemiHidden=\"false\" UnhideWhenUsed=\"false\" Name=\"Medium Grid 2 Accent 4\"\/>\n<w:LsdException Locked=\"false\" Priority=\"69\" SemiHidden=\"false\" UnhideWhenUsed=\"false\" Name=\"Medium Grid 3 Accent 4\"\/>\n<w:LsdException Locked=\"false\" Priority=\"70\" SemiHidden=\"false\" UnhideWhenUsed=\"false\" Name=\"Dark List Accent 4\"\/>\n<w:LsdException Locked=\"false\" Priority=\"71\" SemiHidden=\"false\" UnhideWhenUsed=\"false\" Name=\"Colorful Shading Accent 4\"\/>\n<w:LsdException Locked=\"false\" Priority=\"72\" SemiHidden=\"false\" UnhideWhenUsed=\"false\" Name=\"Colorful List Accent 4\"\/>\n<w:LsdException Locked=\"false\" Priority=\"73\" SemiHidden=\"false\" UnhideWhenUsed=\"false\" Name=\"Colorful Grid Accent 4\"\/>\n<w:LsdException Locked=\"false\" Priority=\"60\" SemiHidden=\"false\" UnhideWhenUsed=\"false\" Name=\"Light Shading Accent 5\"\/>\n<w:LsdException Locked=\"false\" Priority=\"61\" SemiHidden=\"false\" UnhideWhenUsed=\"false\" Name=\"Light List Accent 5\"\/>\n<w:LsdException Locked=\"false\" Priority=\"62\" SemiHidden=\"false\" UnhideWhenUsed=\"false\" Name=\"Light Grid Accent 5\"\/>\n<w:LsdException Locked=\"false\" Priority=\"63\" SemiHidden=\"false\" UnhideWhenUsed=\"false\" Name=\"Medium Shading 1 Accent 5\"\/>\n<w:LsdException Locked=\"false\" Priority=\"64\" SemiHidden=\"false\" UnhideWhenUsed=\"false\" Name=\"Medium Shading 2 Accent 5\"\/>\n<w:LsdException Locked=\"false\" Priority=\"65\" SemiHidden=\"false\" UnhideWhenUsed=\"false\" Name=\"Medium List 1 Accent 5\"\/>\n<w:LsdException Locked=\"false\" Priority=\"66\" SemiHidden=\"false\" UnhideWhenUsed=\"false\" Name=\"Medium List 2 Accent 5\"\/>\n<w:LsdException Locked=\"false\" Priority=\"67\" SemiHidden=\"false\" UnhideWhenUsed=\"false\" Name=\"Medium Grid 1 Accent 5\"\/>\n<w:LsdException Locked=\"false\" Priority=\"68\" SemiHidden=\"false\" UnhideWhenUsed=\"false\" Name=\"Medium Grid 2 Accent 5\"\/>\n<w:LsdException Locked=\"false\" Priority=\"69\" SemiHidden=\"false\" UnhideWhenUsed=\"false\" Name=\"Medium Grid 3 Accent 5\"\/>\n<w:LsdException Locked=\"false\" Priority=\"70\" SemiHidden=\"false\" UnhideWhenUsed=\"false\" Name=\"Dark List Accent 5\"\/>\n<w:LsdException Locked=\"false\" Priority=\"71\" SemiHidden=\"false\" UnhideWhenUsed=\"false\" Name=\"Colorful Shading Accent 5\"\/>\n<w:LsdException Locked=\"false\" Priority=\"72\" SemiHidden=\"false\" UnhideWhenUsed=\"false\" Name=\"Colorful List Accent 5\"\/>\n<w:LsdException Locked=\"false\" Priority=\"73\" SemiHidden=\"false\" UnhideWhenUsed=\"false\" Name=\"Colorful Grid Accent 5\"\/>\n<w:LsdException Locked=\"false\" Priority=\"60\" SemiHidden=\"false\" UnhideWhenUsed=\"false\" Name=\"Light Shading Accent 6\"\/>\n<w:LsdException Locked=\"false\" Priority=\"61\" SemiHidden=\"false\" UnhideWhenUsed=\"false\" Name=\"Light List Accent 6\"\/>\n<w:LsdException Locked=\"false\" Priority=\"62\" SemiHidden=\"false\" UnhideWhenUsed=\"false\" Name=\"Light Grid Accent 6\"\/>\n<w:LsdException Locked=\"false\" Priority=\"63\" SemiHidden=\"false\" UnhideWhenUsed=\"false\" Name=\"Medium Shading 1 Accent 6\"\/>\n<w:LsdException Locked=\"false\" Priority=\"64\" SemiHidden=\"false\" UnhideWhenUsed=\"false\" Name=\"Medium Shading 2 Accent 6\"\/>\n<w:LsdException Locked=\"false\" Priority=\"65\" SemiHidden=\"false\" UnhideWhenUsed=\"false\" Name=\"Medium List 1 Accent 6\"\/>\n<w:LsdException Locked=\"false\" Priority=\"66\" SemiHidden=\"false\" UnhideWhenUsed=\"false\" Name=\"Medium List 2 Accent 6\"\/>\n<w:LsdException Locked=\"false\" Priority=\"67\" SemiHidden=\"false\" UnhideWhenUsed=\"false\" Name=\"Medium Grid 1 Accent 6\"\/>\n<w:LsdException Locked=\"false\" Priority=\"68\" SemiHidden=\"false\" UnhideWhenUsed=\"false\" Name=\"Medium Grid 2 Accent 6\"\/>\n<w:LsdException Locked=\"false\" Priority=\"69\" SemiHidden=\"false\" UnhideWhenUsed=\"false\" Name=\"Medium Grid 3 Accent 6\"\/>\n<w:LsdException Locked=\"false\" Priority=\"70\" SemiHidden=\"false\" UnhideWhenUsed=\"false\" Name=\"Dark List Accent 6\"\/>\n<w:LsdException Locked=\"false\" Priority=\"71\" SemiHidden=\"false\" UnhideWhenUsed=\"false\" Name=\"Colorful Shading Accent 6\"\/>\n<w:LsdException Locked=\"false\" Priority=\"72\" SemiHidden=\"false\" UnhideWhenUsed=\"false\" Name=\"Colorful List Accent 6\"\/>\n<w:LsdException Locked=\"false\" Priority=\"73\" SemiHidden=\"false\" UnhideWhenUsed=\"false\" Name=\"Colorful Grid Accent 6\"\/>\n<w:LsdException Locked=\"false\" Priority=\"19\" SemiHidden=\"false\" UnhideWhenUsed=\"false\" QFormat=\"true\" Name=\"Subtle Emphasis\"\/>\n<w:LsdException Locked=\"false\" Priority=\"21\" SemiHidden=\"false\" UnhideWhenUsed=\"false\" QFormat=\"true\" Name=\"Intense Emphasis\"\/>\n<w:LsdException Locked=\"false\" Priority=\"31\" SemiHidden=\"false\" UnhideWhenUsed=\"false\" QFormat=\"true\" Name=\"Subtle Reference\"\/>\n<w:LsdException Locked=\"false\" Priority=\"32\" SemiHidden=\"false\" UnhideWhenUsed=\"false\" QFormat=\"true\" Name=\"Intense Reference\"\/>\n<w:LsdException Locked=\"false\" Priority=\"33\" SemiHidden=\"false\" UnhideWhenUsed=\"false\" QFormat=\"true\" Name=\"Book Title\"\/>\n<w:LsdException Locked=\"false\" Priority=\"37\" Name=\"Bibliography\"\/>\n<w:LsdException Locked=\"false\" Priority=\"39\" QFormat=\"true\" Name=\"TOC Heading\"\/>\n<\/w:LatentStyles>\n<\/xml><!&#091;endif&#093;--><!-- &#091;if gte mso 10&#093;>\n\n\n\n<style>\n \/* Style Definitions *\/<br \/> table.MsoNormalTable<br \/>\t{mso-style-name:\"Normale Tabelle\";<br \/>\tmso-tstyle-rowband-size:0;<br \/>\tmso-tstyle-colband-size:0;<br \/>\tmso-style-noshow:yes;<br \/>\tmso-style-priority:99;<br \/>\tmso-style-parent:\"\";<br \/>\tmso-padding-alt:0cm 5.4pt 0cm 5.4pt;<br \/>\tmso-para-margin:0cm;<br \/>\tmso-para-margin-bottom:.0001pt;<br \/>\tmso-pagination:widow-orphan;<br \/>\tfont-size:10.0pt;<br \/>\tfont-family:\"Times New Roman\",\"serif\";}<br \/><\/style>\n\n<!&#091;endif&#093;--><\/p>\n<p class=\"MsoNormal\" style=\"mso-margin-top-alt: auto; mso-margin-bottom-alt: auto;\">ALTE M\u00c4DCHEN sind Anna Bolk, Jutta Habicht, Ines Martinez und Sabine Urig.<br \/>\nSie bearbeiten all das, was Frauen nicht zu denken und M\u00e4nner nicht zu fragen<br \/>\nwagen. Ihren Deb\u00fct-Abend haben sie \u00fcber 300 Mal gespielt. Stehende Ovationen.<br \/>\nDeutschlandweit. In messerscharfen Dialogen, mitrei\u00dfenden Songs und multiplen<br \/>\nTanzeinlagen l\u00f6sen die vier Gladiatorinnen des Popkabarett live dauerpr\u00e4sente<br \/>\nKlischees auf.<\/p>\n<p><a href=\"https:\/\/www.dieflieger.de\/records1\/wordpress\/discografie-alte\/\">Discografie<\/a><\/p>\n","protected":false},"excerpt":{"rendered":"<p>ALTE M\u00c4DCHEN sind Anna Bolk, Jutta Habicht, Ines Martinez und Sabine Urig. Sie bearbeiten all das, was Frauen nicht zu denken und M\u00e4nner nicht zu fragen wagen. Ihren Deb\u00fct-Abend haben sie \u00fcber 300 Mal gespielt. Stehende Ovationen. Deutschlandweit. In messerscharfen Dialogen, mitrei\u00dfenden Songs und multiplen Tanzeinlagen l\u00f6sen die vier Gladiatorinnen des Popkabarett live dauerpr\u00e4sente Klischees &hellip; <\/p>\n<p class=\"link-more\"><a href=\"https:\/\/www.dieflieger.de\/records1\/wordpress\/alte-maedchen\/\" class=\"more-link\"><span class=\"screen-reader-text\">\u201eAlte M\u00e4dchen\u201c<\/span> weiterlesen<\/a><\/p>\n","protected":false},"author":1,"featured_media":0,"parent":0,"menu_order":0,"comment_status":"closed","ping_status":"closed","template":"","meta":{"footnotes":""},"class_list":["post-783","page","type-page","status-publish","hentry"],"_links":{"self":[{"href":"https:\/\/www.dieflieger.de\/records1\/wordpress\/wp-json\/wp\/v2\/pages\/783"}],"collection":[{"href":"https:\/\/www.dieflieger.de\/records1\/wordpress\/wp-json\/wp\/v2\/pages"}],"about":[{"href":"https:\/\/www.dieflieger.de\/records1\/wordpress\/wp-json\/wp\/v2\/types\/page"}],"author":[{"embeddable":true,"href":"https:\/\/www.dieflieger.de\/records1\/wordpress\/wp-json\/wp\/v2\/users\/1"}],"replies":[{"embeddable":true,"href":"https:\/\/www.dieflieger.de\/records1\/wordpress\/wp-json\/wp\/v2\/comments?post=783"}],"version-history":[{"count":5,"href":"https:\/\/www.dieflieger.de\/records1\/wordpress\/wp-json\/wp\/v2\/pages\/783\/revisions"}],"predecessor-version":[{"id":843,"href":"https:\/\/www.dieflieger.de\/records1\/wordpress\/wp-json\/wp\/v2\/pages\/783\/revisions\/843"}],"wp:attachment":[{"href":"https:\/\/www.dieflieger.de\/records1\/wordpress\/wp-json\/wp\/v2\/media?parent=783"}],"curies":[{"name":"wp","href":"https:\/\/api.w.org\/{rel}","templated":true}]}}