{"id":787,"date":"2020-03-26T19:18:27","date_gmt":"2020-03-26T18:18:27","guid":{"rendered":"https:\/\/www.dieflieger.de\/records1\/wordpress\/?page_id=787"},"modified":"2021-11-29T17:39:13","modified_gmt":"2021-11-29T16:39:13","slug":"discografie-alte","status":"publish","type":"page","link":"https:\/\/www.dieflieger.de\/records1\/wordpress\/discografie-alte\/","title":{"rendered":"Discografie"},"content":{"rendered":"<p><a href=\"#\"><img fetchpriority=\"high\" decoding=\"async\" src=\"https:\/\/www.dieflieger.de\/records1\/wordpress\/wp-content\/uploads\/front_1_cd_web-300x300.jpg\" alt=\"front_1_cd_web\" width=\"300\" height=\"300\" class=\"alignleft size-medium wp-image-788\" srcset=\"https:\/\/www.dieflieger.de\/records1\/wordpress\/wp-content\/uploads\/front_1_cd_web-300x300.jpg 300w, https:\/\/www.dieflieger.de\/records1\/wordpress\/wp-content\/uploads\/front_1_cd_web-150x150.jpg 150w, https:\/\/www.dieflieger.de\/records1\/wordpress\/wp-content\/uploads\/front_1_cd_web-768x768.jpg 768w, https:\/\/www.dieflieger.de\/records1\/wordpress\/wp-content\/uploads\/front_1_cd_web-1024x1024.jpg 1024w, https:\/\/www.dieflieger.de\/records1\/wordpress\/wp-content\/uploads\/front_1_cd_web-180x180.jpg 180w, https:\/\/www.dieflieger.de\/records1\/wordpress\/wp-content\/uploads\/front_1_cd_web-600x600.jpg 600w, https:\/\/www.dieflieger.de\/records1\/wordpress\/wp-content\/uploads\/front_1_cd_web-100x100.jpg 100w, https:\/\/www.dieflieger.de\/records1\/wordpress\/wp-content\/uploads\/front_1_cd_web.jpg 1134w\" sizes=\"(max-width: 300px) 100vw, 300px\" \/><\/a><\/p>\n<p><strong><link rel=\"stylesheet\" type=\"text\/css\" media=\"all\" href=\"https:\/\/www.dieflieger.de\/records1\/wordpress\/wp-content\/uploads\/amazingaudioplayer\/33\/audioplayerengine\/initaudioplayer.css\" \/>\n\r\n    <div id=\"amazingaudioplayer-33\" style=\"display:block;position:relative;width:300px;height:auto;margin:0px auto 0px;\">\r\n        <ul class=\"amazingaudioplayer-audios\" style=\"display:none;\">\r\n            <li data-artist=\"Alte M\u00e4dchen\" data-title=\"Alte M\u00e4dchen Rap\" data-album=\"Alte M\u00e4dchen\" data-info=\"\" data-image=\"https:\/\/www.dieflieger.de\/records1\/wordpress\/wp-content\/uploads\/amazingaudioplayer\/33\/audios\/front_1_cd_web.jpg\" data-duration=\"0\">\r\n                <div class=\"amazingaudioplayer-source\" data-src=\"https:\/\/www.dieflieger.de\/records1\/wordpress\/wp-content\/uploads\/amazingaudioplayer\/33\/audios\/rap.mp3\" data-type=\"audio\/mpeg\" \/>\r\n            <\/li>\r\n            <li data-artist=\"Alte M\u00e4dchen\" data-title=\"B\u00fcstenhalter\" data-album=\"Alte M\u00e4dchen\" data-info=\"\" data-image=\"https:\/\/www.dieflieger.de\/records1\/wordpress\/wp-content\/uploads\/amazingaudioplayer\/33\/audios\/front_1_cd_web.jpg\" data-duration=\"0\">\r\n                <div class=\"amazingaudioplayer-source\" data-src=\"https:\/\/www.dieflieger.de\/records1\/wordpress\/wp-content\/uploads\/amazingaudioplayer\/33\/audios\/buestenhalter.mp3\" data-type=\"audio\/mpeg\" \/>\r\n            <\/li>\r\n            <li data-artist=\"Alte M\u00e4dchen\" data-title=\"Horrorkind\" data-album=\"Alte M\u00e4dchen\" data-info=\"\" data-image=\"https:\/\/www.dieflieger.de\/records1\/wordpress\/wp-content\/uploads\/amazingaudioplayer\/33\/audios\/front_1_cd_web.jpg\" data-duration=\"0\">\r\n                <div class=\"amazingaudioplayer-source\" data-src=\"https:\/\/www.dieflieger.de\/records1\/wordpress\/wp-content\/uploads\/amazingaudioplayer\/33\/audios\/horrorkind.mp3\" data-type=\"audio\/mpeg\" \/>\r\n            <\/li>\r\n        <\/ul>\r\n        <div class=\"amazingaudioplayer-engine\"><a href=\"http:\/\/amazingaudioplayer.com\" title=\"WordPress jquery mp3 player\">WordPress html5 audio player<\/a><\/div>\r\n    <\/div>\r\n    <script src=\"https:\/\/www.dieflieger.de\/records1\/wordpress\/wp-content\/uploads\/amazingaudioplayer\/33\/audioplayerengine\/initaudioplayer.js\"><\/script>\n<\/strong><\/p>\n<div id=\"amazingaudioplayer-33\" style=\"display: block; position: relative; width: 300px; height: auto; margin: 0px auto 0px;\">\n<ul class=\"amazingaudioplayer-audios\" style=\"display: none;\">\n<li data-artist=\"Alte M\u00e4dchen\" data-title=\"Alte M\u00e4dchen Rap\" data-album=\"Alte M\u00e4dchen\" data-info=\"\" data-image=\"https:\/\/www.dieflieger.de\/records1\/wordpress\/wp-content\/uploads\/amazingaudioplayer\/33\/audios\/front_1_cd_web.jpg\" data-duration=\"0\">\n<div class=\"amazingaudioplayer-source\" data-src=\"https:\/\/www.dieflieger.de\/records1\/wordpress\/wp-content\/uploads\/amazingaudioplayer\/33\/audios\/rap.mp3\" data-type=\"audio\/mpeg\"><\/div>\n<\/li>\n<li data-artist=\"Alte M\u00e4dchen\" data-title=\"B\u00fcstenhalter\" data-album=\"Alte M\u00e4dchen\" data-info=\"\" data-image=\"https:\/\/www.dieflieger.de\/records1\/wordpress\/wp-content\/uploads\/amazingaudioplayer\/33\/audios\/front_1_cd_web.jpg\" data-duration=\"0\">\n<div class=\"amazingaudioplayer-source\" data-src=\"https:\/\/www.dieflieger.de\/records1\/wordpress\/wp-content\/uploads\/amazingaudioplayer\/33\/audios\/buestenhalter.mp3\" data-type=\"audio\/mpeg\"><\/div>\n<\/li>\n<li data-artist=\"Alte M\u00e4dchen\" data-title=\"Horrorkind\" data-album=\"Alte M\u00e4dchen\" data-info=\"\" data-image=\"https:\/\/www.dieflieger.de\/records1\/wordpress\/wp-content\/uploads\/amazingaudioplayer\/33\/audios\/front_1_cd_web.jpg\" data-duration=\"0\">\n<div class=\"amazingaudioplayer-bar-clear\"><\/div>\n<\/li>\n<li data-artist=\"Alte M\u00e4dchen\" data-title=\"Horrorkind\" data-album=\"Alte M\u00e4dchen\" data-info=\"\" data-image=\"https:\/\/www.dieflieger.de\/records1\/wordpress\/wp-content\/uploads\/amazingaudioplayer\/33\/audios\/front_1_cd_web.jpg\" data-duration=\"0\">\n<div class=\"amazingaudioplayer-bar-clear\"><strong><link rel=\"stylesheet\" type=\"text\/css\" media=\"all\" href=\"https:\/\/www.dieflieger.de\/records1\/wordpress\/wp-content\/uploads\/amazingaudioplayer\/33\/audioplayerengine\/initaudioplayer.css\" \/>\n\r\n    <div id=\"amazingaudioplayer-33\" style=\"display:block;position:relative;width:300px;height:auto;margin:0px auto 0px;\">\r\n        <ul class=\"amazingaudioplayer-audios\" style=\"display:none;\">\r\n            <li data-artist=\"Alte M\u00e4dchen\" data-title=\"Alte M\u00e4dchen Rap\" data-album=\"Alte M\u00e4dchen\" data-info=\"\" data-image=\"https:\/\/www.dieflieger.de\/records1\/wordpress\/wp-content\/uploads\/amazingaudioplayer\/33\/audios\/front_1_cd_web.jpg\" data-duration=\"0\">\r\n                <div class=\"amazingaudioplayer-source\" data-src=\"https:\/\/www.dieflieger.de\/records1\/wordpress\/wp-content\/uploads\/amazingaudioplayer\/33\/audios\/rap.mp3\" data-type=\"audio\/mpeg\" \/>\r\n            <\/li>\r\n            <li data-artist=\"Alte M\u00e4dchen\" data-title=\"B\u00fcstenhalter\" data-album=\"Alte M\u00e4dchen\" data-info=\"\" data-image=\"https:\/\/www.dieflieger.de\/records1\/wordpress\/wp-content\/uploads\/amazingaudioplayer\/33\/audios\/front_1_cd_web.jpg\" data-duration=\"0\">\r\n                <div class=\"amazingaudioplayer-source\" data-src=\"https:\/\/www.dieflieger.de\/records1\/wordpress\/wp-content\/uploads\/amazingaudioplayer\/33\/audios\/buestenhalter.mp3\" data-type=\"audio\/mpeg\" \/>\r\n            <\/li>\r\n            <li data-artist=\"Alte M\u00e4dchen\" data-title=\"Horrorkind\" data-album=\"Alte M\u00e4dchen\" data-info=\"\" data-image=\"https:\/\/www.dieflieger.de\/records1\/wordpress\/wp-content\/uploads\/amazingaudioplayer\/33\/audios\/front_1_cd_web.jpg\" data-duration=\"0\">\r\n                <div class=\"amazingaudioplayer-source\" data-src=\"https:\/\/www.dieflieger.de\/records1\/wordpress\/wp-content\/uploads\/amazingaudioplayer\/33\/audios\/horrorkind.mp3\" data-type=\"audio\/mpeg\" \/>\r\n            <\/li>\r\n        <\/ul>\r\n        <div class=\"amazingaudioplayer-engine\"><a href=\"http:\/\/amazingaudioplayer.com\" title=\"WordPress jquery mp3 player\">WordPress html5 audio player<\/a><\/div>\r\n    <\/div>\r\n    <script src=\"https:\/\/www.dieflieger.de\/records1\/wordpress\/wp-content\/uploads\/amazingaudioplayer\/33\/audioplayerengine\/initaudioplayer.js\"><\/script>\n<\/strong><\/div>\n<\/li>\n<\/ul>\n<div class=\"amazingaudioplayer-tracklist-clear\"><\/div>\n<p><audio preload=\"auto\"><source src=\"https:\/\/www.dieflieger.de\/records1\/wordpress\/wp-content\/uploads\/amazingaudioplayer\/33\/audios\/rap.mp3\" type=\"audio\/mpeg\" \/><\/audio><\/p>\n<\/div>\n<p>&nbsp;<\/p>\n<p>&nbsp;<\/p>\n<p>1. Alte M\u00e4dchen Rap<\/p>\n<p>2. Heide Kabel<\/p>\n<p>3. Schlampe<\/p>\n<p>4. Doof<\/p>\n<p>5. Pauken und Trompeten<\/p>\n<p>6. Parship<\/p>\n<p>7. M\u00fcde Krieger<\/p>\n<p>8. B\u00fcstenhalter<\/p>\n<p>9. Angst ham<\/p>\n<p>10. Musical<\/p>\n<p>11. Anorektische Schw\u00e4ne<\/p>\n<p>12. Horrorkind<\/p>\n<p>13. Der sch\u00f6nste Busen der welt<\/p>\n<p>14. Bindegewebe<\/p>\n<p>&nbsp;<\/p>\n<p>&nbsp;<\/p>\n<p><a href=\"https:\/\/www.dieflieger.de\/records1\/wordpress\/produkt\/alte-maedchen\/\">CD im shop bestellen<\/a><\/p>\n","protected":false},"excerpt":{"rendered":"<p>&nbsp; &nbsp; 1. Alte M\u00e4dchen Rap 2. Heide Kabel 3. Schlampe 4. Doof 5. Pauken und Trompeten 6. Parship 7. M\u00fcde Krieger 8. B\u00fcstenhalter 9. Angst ham 10. Musical 11. Anorektische Schw\u00e4ne 12. Horrorkind 13. Der sch\u00f6nste Busen der welt 14. Bindegewebe &nbsp; &nbsp; CD im shop bestellen<\/p>\n","protected":false},"author":1,"featured_media":0,"parent":0,"menu_order":0,"comment_status":"closed","ping_status":"closed","template":"","meta":{"footnotes":""},"class_list":["post-787","page","type-page","status-publish","hentry"],"_links":{"self":[{"href":"https:\/\/www.dieflieger.de\/records1\/wordpress\/wp-json\/wp\/v2\/pages\/787"}],"collection":[{"href":"https:\/\/www.dieflieger.de\/records1\/wordpress\/wp-json\/wp\/v2\/pages"}],"about":[{"href":"https:\/\/www.dieflieger.de\/records1\/wordpress\/wp-json\/wp\/v2\/types\/page"}],"author":[{"embeddable":true,"href":"https:\/\/www.dieflieger.de\/records1\/wordpress\/wp-json\/wp\/v2\/users\/1"}],"replies":[{"embeddable":true,"href":"https:\/\/www.dieflieger.de\/records1\/wordpress\/wp-json\/wp\/v2\/comments?post=787"}],"version-history":[{"count":24,"href":"https:\/\/www.dieflieger.de\/records1\/wordpress\/wp-json\/wp\/v2\/pages\/787\/revisions"}],"predecessor-version":[{"id":974,"href":"https:\/\/www.dieflieger.de\/records1\/wordpress\/wp-json\/wp\/v2\/pages\/787\/revisions\/974"}],"wp:attachment":[{"href":"https:\/\/www.dieflieger.de\/records1\/wordpress\/wp-json\/wp\/v2\/media?parent=787"}],"curies":[{"name":"wp","href":"https:\/\/api.w.org\/{rel}","templated":true}]}}